{"id":11340,"date":"2024-03-22T19:39:14","date_gmt":"2024-03-22T18:39:14","guid":{"rendered":"https:\/\/freshsprouts.net\/?post_type=product&#038;p=11340"},"modified":"2024-03-23T19:05:27","modified_gmt":"2024-03-23T18:05:27","slug":"bio-brokkoli-saatgut-fur-mikroorganismen","status":"publish","type":"product","link":"https:\/\/freshsprouts.net\/de\/produkt\/bio-brokkoli-saatgut-fur-mikroorganismen\/","title":{"rendered":"Bio Brokkoli Rapa samen f\u00fcr Microgreens"},"content":{"rendered":"<h2>Bio Brokkoli Rapa samen f\u00fcr Microgreens<\/h2>\n<p>Diese Bio-Broccoli Rapa Cymosa-Samen lassen sich das ganze Jahr \u00fcber in Ihrer K\u00fcche leicht zu Microgreens z\u00fcchten. Diese Sorte von Brokkolisamen hat den lateinischen Namen Brassica rapa cymosa. Sie werden auch genannt: Brokkoli, Krokantkohl, Spargelkohl, Winterbl\u00fctenkohl, Sprossenkohl<\/p>\n<h2>Vitamine und Mineralstoffe in Brokkoli<\/h2>\n<p>Brokkoli Microgreens enthalten die Vitamine: A, B, C, E, K und die Mineralien: Kalium, Eisen, Kalzium, Magnesium, Zink, Phosphor.<br \/>\nAuch Brokkolisprossen und Mikrogr\u00fcn haben einen hohen Gehalt an Sulforaphan.<\/p>\n<h2>Geschmack und Verwendung in Lebensmitteln<\/h2>\n<p>Ihr selbst angebautes Mikrogr\u00fcn der Sorte Broccoli Rapa &#8211; Rapini &#8211; hat einen herrlich milden Geschmack nach rohem Brokkoli. Als Mikrogr\u00fcn ist Ihr Brokkoli Rapa \/ Rapini ein k\u00f6stlicher Ersatz f\u00fcr normalen Salat in Sandwiches, gr\u00fcnen Salaten, Dips und Wraps.<\/p>\n<p>Sie k\u00f6nnen Ihre Brokkolisprossen oder Mikrogr\u00fcns auch in einen gesunden Smoothie mit anderem Gem\u00fcse mischen. Sie k\u00f6nnen ihn auch mit Spinat schmoren. Einige entscheiden sich daf\u00fcr, ihn zu entsaften, um gr\u00f6\u00dfere Mengen an Antioxidantien aus ihren Raps Pflanzen zu gewinnen.<\/p>\n<h2>Anbaudauer<\/h2>\n<p>Sie k\u00f6nnen Ihre Bio-Brokkolisamen entweder zu Sprossen oder zu Mikrogr\u00fcns anbauen. Bei einer K\u00fcchentemperatur von 18-23 \u00b0C sollten Ihre Brokkoli-Sprossen nach 6 Tagen Anbauzeit erntereif sein. Bei gleicher Temperatur sollten sie nach insgesamt 12 Tagen zu reifen Colza Mikrogreens herangewachsen sein.<\/p>\n<h2>Anbauger\u00e4t f\u00fcr Brokkoli-Mikrogr\u00fcns<\/h2>\n<p>Sie werden das beste Ergebnis mit Ihrem Broccoli Micro erzielen, wenn Sie die Pflanzen in einer Vorrichtung anbauen, die den Pflanzen viel Sauerstoff zur Verf\u00fcgung stellt. Ein SproutPearl Keimger\u00e4t oder eine Hanfmatte sind beide sehr gut f\u00fcr diese Pflanze geeignet.<br \/>\nSiehe <a href=\"https:\/\/freshsprouts.net\/product\/sproutpearl-microgreen-tray\/\">SproutPearl Keimger\u00e4t<\/a> oder <a href=\"https:\/\/freshsprouts.net\/product\/organic-hemp-mats-for-microgreens\/\">Siehe Hanfmatte<\/a><\/p>\n<h2>Broccoli Microgreens brauchen Licht und D\u00fcnger<\/h2>\n<p>Wenn Sie Microgreens anbauen, dann brauchen die Pflanzen ab dem 7. Tag der Kultivierung k\u00fcnstliches Licht und zus\u00e4tzlichen D\u00fcnger. Unter <a href=\"https:\/\/freshsprouts.net\/shop\/microgreens\/\">MICRO KIT<\/a> finden Sie Beschreibungen \u00fcber die richtige Licht- und D\u00fcngermenge f\u00fcr Microgreens, wenn Sie die einzelnen Produkte verwenden. <a href=\"https:\/\/freshsprouts.net\/shop\/microgreens\/\">Micro Kit besuchen<\/a><\/p>\n<p>Ich habe auch verschiedene Blogartikel \u00fcber Microgreens geschrieben. Diese k\u00f6nnten Sie interessieren und Ihnen Tipps f\u00fcr den Erfolg geben.<br \/>\n<a href=\"https:\/\/freshsprouts.net\/blog\/\">Besuchen Sie den BLOG<\/a><\/p>\n","protected":false},"excerpt":{"rendered":"<p>Bio Broccoli Rapa Cymosa Samen f\u00fcr Microgreens. Diese Brokkolisamen sind das ganze Jahr \u00fcber in Ihrer K\u00fcche leicht zu kultivieren. Die Saatgutsorte ist Brassica rapa cymosa.<\/p>\n<p>Brokkolisamen keimen innerhalb von 12 Tagen zu Microgreens. Sie k\u00f6nnen Brokkoli Microgreens entweder in einem SproutPearl Sprouter oder auf einer Hanfmatte anbauen. Die Methode wird im Folgenden erl\u00e4utert.<\/p>\n<p>Brokkoli Mikrogr\u00fcn schmeckt nach frischem Brokkoli. Sie sind k\u00f6stlich in S\u00e4ften, Smoothies, Salaten und Sandwiches.<\/p>\n<p>Die Samen sind f\u00fcr d\u00e4nische Lebensmittel zugelassen und frei von Bakterien getestet. Salmonellen, E. Coli und Listerien.<\/p>\n<p>3 Gramm Samen passen auf \u00bd SproutPearl Sprouter und wachsen zu drei gro\u00dfen Handvoll Broccoli Microgreens heran.<br \/>\n45 gr Samen liefern 30 Handvoll frische Brokkolisprossen oder 45 Handvoll knusprige Microgreens.<br \/>\nSie erhalten 10 % Rabatt auf 150 g Samen.<\/p>\n","protected":false},"featured_media":19600,"comment_status":"open","ping_status":"closed","template":"","meta":{"wprm-recipe-roundup-name":"","wprm-recipe-roundup-description":""},"product_brand":[],"product_cat":[2359],"product_tag":[445,496,411,410,453,454,459,431,465,476,442,2446],"woo-feed-brand":[590],"class_list":{"0":"post-11340","1":"product","2":"type-product","3":"status-publish","4":"has-post-thumbnail","6":"product_cat-microgreens-samen","7":"product_tag-antioxidantien","8":"product_tag-bio-samen","9":"product_tag-brassica-oleracea-de-2","10":"product_tag-brassica-rapa-de-2","11":"product_tag-brokkoli","12":"product_tag-cancer-de-2","13":"product_tag-chlorophyll","14":"product_tag-keimende-samen","15":"product_tag-kreuzblutler","16":"product_tag-samen","17":"product_tag-sprossen","18":"product_tag-winterbluhendes-kraut","19":"woo-feed-brand-fresh-sprouts","21":"first","22":"instock","23":"taxable","24":"shipping-taxable","25":"purchasable","26":"product-type-variable","27":"has-default-attributes"},"yoast_head":"<!-- This site is optimized with the Yoast SEO plugin v27.5 - https:\/\/yoast.com\/product\/yoast-seo-wordpress\/ -->\n<title>Broccoli Microgreens Samen f\u00fcr den Anbau in Ihrer K\u00fcche in 12 Tagen<\/title>\n<meta name=\"description\" content=\"Bio Broccoli Rapa Cymosa Samen f\u00fcr selbstgezogene Microgreens. Das Samen stammt aus der EU-Landwirtschaft und ist f\u00fcr das Keimen unter EU zertifiziert.\" \/>\n<meta name=\"robots\" content=\"index, follow, max-snippet:-1, max-image-preview:large, max-video-preview:-1\" \/>\n<link rel=\"canonical\" href=\"https:\/\/freshsprouts.net\/de\/produkt\/bio-brokkoli-saatgut-fur-mikroorganismen\/\" \/>\n<meta property=\"og:locale\" content=\"de_DE\" \/>\n<meta property=\"og:type\" content=\"article\" \/>\n<meta property=\"og:title\" content=\"Broccoli Microgreens Samen f\u00fcr den Anbau in Ihrer K\u00fcche in 12 Tagen\" \/>\n<meta property=\"og:description\" content=\"Bio Broccoli Rapa Cymosa Samen f\u00fcr selbstgezogene Microgreens. Das Samen stammt aus der EU-Landwirtschaft und ist f\u00fcr das Keimen unter EU zertifiziert.\" \/>\n<meta property=\"og:url\" content=\"https:\/\/freshsprouts.net\/de\/produkt\/bio-brokkoli-saatgut-fur-mikroorganismen\/\" \/>\n<meta property=\"og:site_name\" content=\"FRESH SPROUTS\" \/>\n<meta property=\"article:publisher\" content=\"https:\/\/www.facebook.com\/freshsproutsdenmark\/\" \/>\n<meta property=\"article:modified_time\" content=\"2024-03-23T18:05:27+00:00\" \/>\n<meta property=\"og:image\" content=\"https:\/\/freshsprouts.net\/wp-content\/uploads\/2022\/06\/Organic-Broccoli-Rapa-seeds-for-Microgreens-and-Sprouts.jpg\" \/>\n\t<meta property=\"og:image:width\" content=\"1000\" \/>\n\t<meta property=\"og:image:height\" content=\"1000\" \/>\n\t<meta property=\"og:image:type\" content=\"image\/jpeg\" \/>\n<meta name=\"twitter:card\" content=\"summary_large_image\" \/>\n<meta name=\"twitter:label1\" content=\"Gesch\u00e4tzte Lesezeit\" \/>\n\t<meta name=\"twitter:data1\" content=\"2\u00a0Minuten\" \/>\n<script type=\"application\/ld+json\" class=\"yoast-schema-graph\">{\"@context\":\"https:\\\/\\\/schema.org\",\"@graph\":[{\"@type\":\"WebPage\",\"@id\":\"https:\\\/\\\/freshsprouts.net\\\/de\\\/produkt\\\/bio-brokkoli-saatgut-fur-mikroorganismen\\\/\",\"url\":\"https:\\\/\\\/freshsprouts.net\\\/de\\\/produkt\\\/bio-brokkoli-saatgut-fur-mikroorganismen\\\/\",\"name\":\"Broccoli Microgreens Samen f\u00fcr den Anbau in Ihrer K\u00fcche in 12 Tagen\",\"isPartOf\":{\"@id\":\"https:\\\/\\\/freshsprouts.net\\\/de\\\/#website\"},\"primaryImageOfPage\":{\"@id\":\"https:\\\/\\\/freshsprouts.net\\\/de\\\/produkt\\\/bio-brokkoli-saatgut-fur-mikroorganismen\\\/#primaryimage\"},\"image\":{\"@id\":\"https:\\\/\\\/freshsprouts.net\\\/de\\\/produkt\\\/bio-brokkoli-saatgut-fur-mikroorganismen\\\/#primaryimage\"},\"thumbnailUrl\":\"https:\\\/\\\/freshsprouts.net\\\/wp-content\\\/uploads\\\/2022\\\/06\\\/Organic-Broccoli-Rapa-seeds-for-Microgreens-and-Sprouts.jpg\",\"datePublished\":\"2024-03-22T18:39:14+00:00\",\"dateModified\":\"2024-03-23T18:05:27+00:00\",\"description\":\"Bio Broccoli Rapa Cymosa Samen f\u00fcr selbstgezogene Microgreens. Das Samen stammt aus der EU-Landwirtschaft und ist f\u00fcr das Keimen unter EU zertifiziert.\",\"breadcrumb\":{\"@id\":\"https:\\\/\\\/freshsprouts.net\\\/de\\\/produkt\\\/bio-brokkoli-saatgut-fur-mikroorganismen\\\/#breadcrumb\"},\"inLanguage\":\"de\",\"potentialAction\":[{\"@type\":\"ReadAction\",\"target\":[\"https:\\\/\\\/freshsprouts.net\\\/de\\\/produkt\\\/bio-brokkoli-saatgut-fur-mikroorganismen\\\/\"]}]},{\"@type\":\"ImageObject\",\"inLanguage\":\"de\",\"@id\":\"https:\\\/\\\/freshsprouts.net\\\/de\\\/produkt\\\/bio-brokkoli-saatgut-fur-mikroorganismen\\\/#primaryimage\",\"url\":\"https:\\\/\\\/freshsprouts.net\\\/wp-content\\\/uploads\\\/2022\\\/06\\\/Organic-Broccoli-Rapa-seeds-for-Microgreens-and-Sprouts.jpg\",\"contentUrl\":\"https:\\\/\\\/freshsprouts.net\\\/wp-content\\\/uploads\\\/2022\\\/06\\\/Organic-Broccoli-Rapa-seeds-for-Microgreens-and-Sprouts.jpg\",\"width\":1000,\"height\":1000,\"caption\":\"OLYMPUS DIGITAL CAMERA\"},{\"@type\":\"BreadcrumbList\",\"@id\":\"https:\\\/\\\/freshsprouts.net\\\/de\\\/produkt\\\/bio-brokkoli-saatgut-fur-mikroorganismen\\\/#breadcrumb\",\"itemListElement\":[{\"@type\":\"ListItem\",\"position\":1,\"name\":\"Home\",\"item\":\"https:\\\/\\\/freshsprouts.net\\\/de\\\/\"},{\"@type\":\"ListItem\",\"position\":2,\"name\":\"SHOP\",\"item\":\"https:\\\/\\\/freshsprouts.net\\\/de\\\/laden\\\/\"},{\"@type\":\"ListItem\",\"position\":3,\"name\":\"Bio Brokkoli Rapa samen f\u00fcr Microgreens\"}]},{\"@type\":\"WebSite\",\"@id\":\"https:\\\/\\\/freshsprouts.net\\\/de\\\/#website\",\"url\":\"https:\\\/\\\/freshsprouts.net\\\/de\\\/\",\"name\":\"FRESH SPROUTS\",\"description\":\"Grow your Health\",\"publisher\":{\"@id\":\"https:\\\/\\\/freshsprouts.net\\\/de\\\/#organization\"},\"potentialAction\":[{\"@type\":\"SearchAction\",\"target\":{\"@type\":\"EntryPoint\",\"urlTemplate\":\"https:\\\/\\\/freshsprouts.net\\\/de\\\/?s={search_term_string}\"},\"query-input\":{\"@type\":\"PropertyValueSpecification\",\"valueRequired\":true,\"valueName\":\"search_term_string\"}}],\"inLanguage\":\"de\"},{\"@type\":\"Organization\",\"@id\":\"https:\\\/\\\/freshsprouts.net\\\/de\\\/#organization\",\"name\":\"FRESH SPROUTS\",\"url\":\"https:\\\/\\\/freshsprouts.net\\\/de\\\/\",\"logo\":{\"@type\":\"ImageObject\",\"inLanguage\":\"de\",\"@id\":\"https:\\\/\\\/freshsprouts.net\\\/de\\\/#\\\/schema\\\/logo\\\/image\\\/\",\"url\":\"https:\\\/\\\/freshsprouts.net\\\/wp-content\\\/uploads\\\/2017\\\/05\\\/Fresh-Sprouts-logo-gray-web-1.png\",\"contentUrl\":\"https:\\\/\\\/freshsprouts.net\\\/wp-content\\\/uploads\\\/2017\\\/05\\\/Fresh-Sprouts-logo-gray-web-1.png\",\"width\":120,\"height\":69,\"caption\":\"FRESH SPROUTS\"},\"image\":{\"@id\":\"https:\\\/\\\/freshsprouts.net\\\/de\\\/#\\\/schema\\\/logo\\\/image\\\/\"},\"sameAs\":[\"https:\\\/\\\/www.facebook.com\\\/freshsproutsdenmark\\\/\",\"https:\\\/\\\/www.instagram.com\\\/fresh_sprouts\\\/\",\"https:\\\/\\\/www.pinterest.dk\\\/freshsprouts\\\/\"]}]}<\/script>\n<!-- \/ Yoast SEO plugin. -->","yoast_head_json":{"title":"Broccoli Microgreens Samen f\u00fcr den Anbau in Ihrer K\u00fcche in 12 Tagen","description":"Bio Broccoli Rapa Cymosa Samen f\u00fcr selbstgezogene Microgreens. Das Samen stammt aus der EU-Landwirtschaft und ist f\u00fcr das Keimen unter EU zertifiziert.","robots":{"index":"index","follow":"follow","max-snippet":"max-snippet:-1","max-image-preview":"max-image-preview:large","max-video-preview":"max-video-preview:-1"},"canonical":"https:\/\/freshsprouts.net\/de\/produkt\/bio-brokkoli-saatgut-fur-mikroorganismen\/","og_locale":"de_DE","og_type":"article","og_title":"Broccoli Microgreens Samen f\u00fcr den Anbau in Ihrer K\u00fcche in 12 Tagen","og_description":"Bio Broccoli Rapa Cymosa Samen f\u00fcr selbstgezogene Microgreens. Das Samen stammt aus der EU-Landwirtschaft und ist f\u00fcr das Keimen unter EU zertifiziert.","og_url":"https:\/\/freshsprouts.net\/de\/produkt\/bio-brokkoli-saatgut-fur-mikroorganismen\/","og_site_name":"FRESH SPROUTS","article_publisher":"https:\/\/www.facebook.com\/freshsproutsdenmark\/","article_modified_time":"2024-03-23T18:05:27+00:00","og_image":[{"width":1000,"height":1000,"url":"https:\/\/freshsprouts.net\/wp-content\/uploads\/2022\/06\/Organic-Broccoli-Rapa-seeds-for-Microgreens-and-Sprouts.jpg","type":"image\/jpeg"}],"twitter_card":"summary_large_image","twitter_misc":{"Gesch\u00e4tzte Lesezeit":"2\u00a0Minuten"},"schema":{"@context":"https:\/\/schema.org","@graph":[{"@type":"WebPage","@id":"https:\/\/freshsprouts.net\/de\/produkt\/bio-brokkoli-saatgut-fur-mikroorganismen\/","url":"https:\/\/freshsprouts.net\/de\/produkt\/bio-brokkoli-saatgut-fur-mikroorganismen\/","name":"Broccoli Microgreens Samen f\u00fcr den Anbau in Ihrer K\u00fcche in 12 Tagen","isPartOf":{"@id":"https:\/\/freshsprouts.net\/de\/#website"},"primaryImageOfPage":{"@id":"https:\/\/freshsprouts.net\/de\/produkt\/bio-brokkoli-saatgut-fur-mikroorganismen\/#primaryimage"},"image":{"@id":"https:\/\/freshsprouts.net\/de\/produkt\/bio-brokkoli-saatgut-fur-mikroorganismen\/#primaryimage"},"thumbnailUrl":"https:\/\/freshsprouts.net\/wp-content\/uploads\/2022\/06\/Organic-Broccoli-Rapa-seeds-for-Microgreens-and-Sprouts.jpg","datePublished":"2024-03-22T18:39:14+00:00","dateModified":"2024-03-23T18:05:27+00:00","description":"Bio Broccoli Rapa Cymosa Samen f\u00fcr selbstgezogene Microgreens. Das Samen stammt aus der EU-Landwirtschaft und ist f\u00fcr das Keimen unter EU zertifiziert.","breadcrumb":{"@id":"https:\/\/freshsprouts.net\/de\/produkt\/bio-brokkoli-saatgut-fur-mikroorganismen\/#breadcrumb"},"inLanguage":"de","potentialAction":[{"@type":"ReadAction","target":["https:\/\/freshsprouts.net\/de\/produkt\/bio-brokkoli-saatgut-fur-mikroorganismen\/"]}]},{"@type":"ImageObject","inLanguage":"de","@id":"https:\/\/freshsprouts.net\/de\/produkt\/bio-brokkoli-saatgut-fur-mikroorganismen\/#primaryimage","url":"https:\/\/freshsprouts.net\/wp-content\/uploads\/2022\/06\/Organic-Broccoli-Rapa-seeds-for-Microgreens-and-Sprouts.jpg","contentUrl":"https:\/\/freshsprouts.net\/wp-content\/uploads\/2022\/06\/Organic-Broccoli-Rapa-seeds-for-Microgreens-and-Sprouts.jpg","width":1000,"height":1000,"caption":"OLYMPUS DIGITAL CAMERA"},{"@type":"BreadcrumbList","@id":"https:\/\/freshsprouts.net\/de\/produkt\/bio-brokkoli-saatgut-fur-mikroorganismen\/#breadcrumb","itemListElement":[{"@type":"ListItem","position":1,"name":"Home","item":"https:\/\/freshsprouts.net\/de\/"},{"@type":"ListItem","position":2,"name":"SHOP","item":"https:\/\/freshsprouts.net\/de\/laden\/"},{"@type":"ListItem","position":3,"name":"Bio Brokkoli Rapa samen f\u00fcr Microgreens"}]},{"@type":"WebSite","@id":"https:\/\/freshsprouts.net\/de\/#website","url":"https:\/\/freshsprouts.net\/de\/","name":"FRESH SPROUTS","description":"Grow your Health","publisher":{"@id":"https:\/\/freshsprouts.net\/de\/#organization"},"potentialAction":[{"@type":"SearchAction","target":{"@type":"EntryPoint","urlTemplate":"https:\/\/freshsprouts.net\/de\/?s={search_term_string}"},"query-input":{"@type":"PropertyValueSpecification","valueRequired":true,"valueName":"search_term_string"}}],"inLanguage":"de"},{"@type":"Organization","@id":"https:\/\/freshsprouts.net\/de\/#organization","name":"FRESH SPROUTS","url":"https:\/\/freshsprouts.net\/de\/","logo":{"@type":"ImageObject","inLanguage":"de","@id":"https:\/\/freshsprouts.net\/de\/#\/schema\/logo\/image\/","url":"https:\/\/freshsprouts.net\/wp-content\/uploads\/2017\/05\/Fresh-Sprouts-logo-gray-web-1.png","contentUrl":"https:\/\/freshsprouts.net\/wp-content\/uploads\/2017\/05\/Fresh-Sprouts-logo-gray-web-1.png","width":120,"height":69,"caption":"FRESH SPROUTS"},"image":{"@id":"https:\/\/freshsprouts.net\/de\/#\/schema\/logo\/image\/"},"sameAs":["https:\/\/www.facebook.com\/freshsproutsdenmark\/","https:\/\/www.instagram.com\/fresh_sprouts\/","https:\/\/www.pinterest.dk\/freshsprouts\/"]}]}},"_links":{"self":[{"href":"https:\/\/freshsprouts.net\/de\/wp-json\/wp\/v2\/product\/11340","targetHints":{"allow":["GET"]}}],"collection":[{"href":"https:\/\/freshsprouts.net\/de\/wp-json\/wp\/v2\/product"}],"about":[{"href":"https:\/\/freshsprouts.net\/de\/wp-json\/wp\/v2\/types\/product"}],"replies":[{"embeddable":true,"href":"https:\/\/freshsprouts.net\/de\/wp-json\/wp\/v2\/comments?post=11340"}],"wp:featuredmedia":[{"embeddable":true,"href":"https:\/\/freshsprouts.net\/de\/wp-json\/wp\/v2\/media\/19600"}],"wp:attachment":[{"href":"https:\/\/freshsprouts.net\/de\/wp-json\/wp\/v2\/media?parent=11340"}],"wp:term":[{"taxonomy":"product_brand","embeddable":true,"href":"https:\/\/freshsprouts.net\/de\/wp-json\/wp\/v2\/product_brand?post=11340"},{"taxonomy":"product_cat","embeddable":true,"href":"https:\/\/freshsprouts.net\/de\/wp-json\/wp\/v2\/product_cat?post=11340"},{"taxonomy":"product_tag","embeddable":true,"href":"https:\/\/freshsprouts.net\/de\/wp-json\/wp\/v2\/product_tag?post=11340"},{"taxonomy":"woo-feed-brand","embeddable":true,"href":"https:\/\/freshsprouts.net\/de\/wp-json\/wp\/v2\/woo-feed-brand?post=11340"}],"curies":[{"name":"wp","href":"https:\/\/api.w.org\/{rel}","templated":true}]}}