{"id":11487,"date":"2025-11-01T12:00:05","date_gmt":"2025-11-01T11:00:05","guid":{"rendered":"https:\/\/freshsprouts.net\/?post_type=product&#038;p=11487"},"modified":"2023-02-25T17:08:56","modified_gmt":"2023-02-25T16:08:56","slug":"bio-china-rose-rettich-samen-fuer-microgreens","status":"publish","type":"product","link":"https:\/\/freshsprouts.net\/de\/produkt\/bio-china-rose-rettich-samen-fuer-microgreens\/","title":{"rendered":"Bio China Rose Rettich samen f\u00fcr Microgreens"},"content":{"rendered":"<h2>Bio China Rose Rettich samen f\u00fcr Microgreens<\/h2>\n<p>Diese Bio-Rosenrettichsamen lassen sich das ganze Jahr \u00fcber in Ihrer K\u00fcche zu Microgreens anbauen. Die Samen dieser Rettich Sorte tragen den lateinischen Namen Raphanus Sativus. Rosenrettich wird auch genannt: Chinesischer Rosenrettich oder Gartenrettich<\/p>\n<h2>Vitamine und Mineralstoffe in Meerrettich<\/h2>\n<p>Rosenrettich Microgreens sind eine gute Erg\u00e4nzung in Ihrer Ern\u00e4hrung. Sie enthalten die Vitamine: A, C, B1, B3, B6, B9 und die Mineralstoffe Kupfer, Magnesium, Fols\u00e4ure, Phosphor und Mangan.<\/p>\n<h2>H\u00fcgelige Wurzeln am Rettich<\/h2>\n<p>Bitte beachten Sie, dass Radieschen in den ersten 3-4 Tagen des Anbaus sehr feine Wurzeln entwickeln, die wie Schimmel aussehen. Man kann die Wurzeln als Sprossen essen. Bei Microgreens kann es vorkommen, dass die Wurzeln zu lang f\u00fcr den Verzehr sind, so dass Sie sie bei der Ernte abschneiden k\u00f6nnen.<\/p>\n<h2>Geschmack und Verwendung in Lebensmitteln<\/h2>\n<p>Ihr selbst angebautes Mikrogr\u00fcn von Rosenrettich hat den k\u00f6stlichen Geschmack von frisch geerntetem Rettich. Ihr Geschmack ist nicht so stark wie der des Roten Rettichs, aber immer noch so vollmundig, dass man nur wenige braucht, um seine Geschmacksknospen zu f\u00fcllen. Sie passen gut als geschmackliche Dekoration zu den meisten gr\u00fcnen Gerichten, als w\u00fcrzige Zutat in Sandwiches, gr\u00fcnen Salaten, Dips und Wraps.<\/p>\n<h2>Anbauzeit von Bio-Rosenrettichsamen f\u00fcr Microgreens<\/h2>\n<p>Sie k\u00f6nnen Ihre Bio-Rosenradieschen-Samen entweder zu Sprossen oder zu Microgreens z\u00fcchten. Bei einer K\u00fcchentemperatur von 18-23 \u00b0C sollten die Rosenkohlsprossen nach 6 Tagen Anbauzeit erntereif sein. Bei gleicher Temperatur sollten sie nach insgesamt 12 Tagen zu reifen Colza Mikrogreens herangewachsen sein.<\/p>\n<h2>Anbauger\u00e4t f\u00fcr Rosenrettich-Mikrogr\u00fcns<\/h2>\n<p>Rettichsprossen k\u00f6nnen in jedem Keimger\u00e4t wachsen. Die l\u00e4ngeren Bio Rettich Microgreens ergeben jedoch das beste Ergebnis in einem SproutPearl Sprouter oder einer Hanfmatte. Der Grund daf\u00fcr ist, dass diese beiden Methoden den Pflanzen viel Platz zum Wachsen und eine gute Bel\u00fcftung um die Pflanzenspitzen herum bieten.<br \/>\nSiehe <a href=\"https:\/\/freshsprouts.net\/de\/product\/sproutpearl-microgreen-tray\/\">SproutPearl Keimger\u00e4t<\/a> oder <a href=\"https:\/\/freshsprouts.net\/de\/product\/bio-hanfmatte-fur-microgreens\/\">Siehe Hanfmatte<\/a><\/p>\n<h2>Microgreens brauchen Licht und D\u00fcnger<\/h2>\n<p>Wenn Sie Microgreens anbauen, dann brauchen die Pflanzen ab dem 7. Tag der Kultivierung k\u00fcnstliches Licht und zus\u00e4tzlichen D\u00fcnger. Unter <a href=\"https:\/\/freshsprouts.net\/de\/shop\/microgreen-paket\/\">MICRO KIT<\/a> finden Sie Beschreibungen \u00fcber die richtige Menge an Licht und D\u00fcnger f\u00fcr Microgreens, wenn Sie die einzelnen Produkte verwenden. <a href=\"https:\/\/freshsprouts.net\/de\/shop\/microgreen-paket\/\">Micro Kit besuchen<\/a><\/p>\n<p>Ich habe auch verschiedene Blogartikel \u00fcber Microgreens geschrieben. Diese k\u00f6nnten Sie interessieren und Ihnen Tipps f\u00fcr den Erfolg geben.<br \/>\n<a href=\"https:\/\/freshsprouts.net\/de\/blog\/\">Besuchen Sie den BLOG<\/a><\/p>\n","protected":false},"excerpt":{"rendered":"<p>Bio-Rosenradieschen-Samen f\u00fcr Microgreens. Die Pflanzen sind das ganze Jahr \u00fcber in Ihrer K\u00fcche leicht zu kultivieren.<\/p>\n<p>Aus den Samen des Rosenrettichs kann man in 12 Tagen k\u00f6stliche Microgreens z\u00fcchten.<\/p>\n<p>Radieschen Microgreens haben einen sch\u00f6nen, kr\u00e4ftigen Geschmack nach frischem Rettich. Sie sind sehr farbenfroh und k\u00f6stlich im Salat, auf Sandwiches oder als auff\u00e4lliger Belag.<\/p>\n<p>5 gr Samen passen 1\/2 SproutPearl und geben 2 Handvoll Sprossen.<br \/>\n40 g Samen ergeben 50 Handvoll knackiges Mikrogreens.<\/p>\n","protected":false},"featured_media":24667,"comment_status":"open","ping_status":"closed","template":"","meta":{"wprm-recipe-roundup-name":"","wprm-recipe-roundup-description":""},"product_brand":[],"product_cat":[2359],"product_tag":[461,458,417,409,503,504,418,508,442],"woo-feed-brand":[590],"class_list":{"0":"post-11487","1":"product","2":"type-product","3":"status-publish","4":"has-post-thumbnail","6":"product_cat-microgreens-samen","7":"product_tag-bunt","8":"product_tag-china-rose-de","9":"product_tag-china-rose-radieschen","10":"product_tag-microgreens-de","11":"product_tag-pink-de","12":"product_tag-pink-sprossen","13":"product_tag-raphanus-sativus-de-2","14":"product_tag-rettich","15":"product_tag-sprossen","16":"woo-feed-brand-fresh-sprouts","18":"first","19":"instock","20":"taxable","21":"shipping-taxable","22":"purchasable","23":"product-type-variable","24":"has-default-attributes"},"yoast_head":"<!-- This site is optimized with the Yoast SEO plugin v27.5 - https:\/\/yoast.com\/product\/yoast-seo-wordpress\/ -->\n<title>Bio Rosenrettichsamen f\u00fcr Sprossen oder Microgreens in Ihrer K\u00fcche.<\/title>\n<meta name=\"description\" content=\"Bio-Rosenrettichsamen, um das ganze Jahr \u00fcber eigene Sprossen oder Microgreens anzubauen. Die Rettichsprossen sind bereits nach 6 Tagen reif - kein Boden erforderlich.\" \/>\n<meta name=\"robots\" content=\"index, follow, max-snippet:-1, max-image-preview:large, max-video-preview:-1\" \/>\n<link rel=\"canonical\" href=\"https:\/\/freshsprouts.net\/de\/produkt\/bio-china-rose-rettich-samen-fuer-microgreens\/\" \/>\n<meta property=\"og:locale\" content=\"de_DE\" \/>\n<meta property=\"og:type\" content=\"article\" \/>\n<meta property=\"og:title\" content=\"Bio Rosenrettichsamen f\u00fcr Sprossen oder Microgreens in Ihrer K\u00fcche.\" \/>\n<meta property=\"og:description\" content=\"Bio-Rosenrettichsamen, um das ganze Jahr \u00fcber eigene Sprossen oder Microgreens anzubauen. Die Rettichsprossen sind bereits nach 6 Tagen reif - kein Boden erforderlich.\" \/>\n<meta property=\"og:url\" content=\"https:\/\/freshsprouts.net\/de\/produkt\/bio-china-rose-rettich-samen-fuer-microgreens\/\" \/>\n<meta property=\"og:site_name\" content=\"FRESH SPROUTS\" \/>\n<meta property=\"article:publisher\" content=\"https:\/\/www.facebook.com\/freshsproutsdenmark\/\" \/>\n<meta property=\"og:image\" content=\"https:\/\/freshsprouts.net\/wp-content\/uploads\/2023\/02\/Rose-Radish-for-Microgreens-and-Sprouts-40-gram.jpg\" \/>\n\t<meta property=\"og:image:width\" content=\"1200\" \/>\n\t<meta property=\"og:image:height\" content=\"1200\" \/>\n\t<meta property=\"og:image:type\" content=\"image\/jpeg\" \/>\n<meta name=\"twitter:card\" content=\"summary_large_image\" \/>\n<meta name=\"twitter:label1\" content=\"Gesch\u00e4tzte Lesezeit\" \/>\n\t<meta name=\"twitter:data1\" content=\"2\u00a0Minuten\" \/>\n<script type=\"application\/ld+json\" class=\"yoast-schema-graph\">{\"@context\":\"https:\\\/\\\/schema.org\",\"@graph\":[{\"@type\":\"WebPage\",\"@id\":\"https:\\\/\\\/freshsprouts.net\\\/de\\\/produkt\\\/bio-china-rose-rettich-samen-fuer-microgreens\\\/\",\"url\":\"https:\\\/\\\/freshsprouts.net\\\/de\\\/produkt\\\/bio-china-rose-rettich-samen-fuer-microgreens\\\/\",\"name\":\"Bio Rosenrettichsamen f\u00fcr Sprossen oder Microgreens in Ihrer K\u00fcche.\",\"isPartOf\":{\"@id\":\"https:\\\/\\\/freshsprouts.net\\\/de\\\/#website\"},\"primaryImageOfPage\":{\"@id\":\"https:\\\/\\\/freshsprouts.net\\\/de\\\/produkt\\\/bio-china-rose-rettich-samen-fuer-microgreens\\\/#primaryimage\"},\"image\":{\"@id\":\"https:\\\/\\\/freshsprouts.net\\\/de\\\/produkt\\\/bio-china-rose-rettich-samen-fuer-microgreens\\\/#primaryimage\"},\"thumbnailUrl\":\"https:\\\/\\\/freshsprouts.net\\\/wp-content\\\/uploads\\\/2023\\\/03\\\/Organic-Rose-Radish-for-Sprouts-and-Microgreens-40-grams-scaled.jpg\",\"datePublished\":\"2025-11-01T11:00:05+00:00\",\"description\":\"Bio-Rosenrettichsamen, um das ganze Jahr \u00fcber eigene Sprossen oder Microgreens anzubauen. Die Rettichsprossen sind bereits nach 6 Tagen reif - kein Boden erforderlich.\",\"breadcrumb\":{\"@id\":\"https:\\\/\\\/freshsprouts.net\\\/de\\\/produkt\\\/bio-china-rose-rettich-samen-fuer-microgreens\\\/#breadcrumb\"},\"inLanguage\":\"de\",\"potentialAction\":[{\"@type\":\"ReadAction\",\"target\":[\"https:\\\/\\\/freshsprouts.net\\\/de\\\/produkt\\\/bio-china-rose-rettich-samen-fuer-microgreens\\\/\"]}]},{\"@type\":\"ImageObject\",\"inLanguage\":\"de\",\"@id\":\"https:\\\/\\\/freshsprouts.net\\\/de\\\/produkt\\\/bio-china-rose-rettich-samen-fuer-microgreens\\\/#primaryimage\",\"url\":\"https:\\\/\\\/freshsprouts.net\\\/wp-content\\\/uploads\\\/2023\\\/03\\\/Organic-Rose-Radish-for-Sprouts-and-Microgreens-40-grams-scaled.jpg\",\"contentUrl\":\"https:\\\/\\\/freshsprouts.net\\\/wp-content\\\/uploads\\\/2023\\\/03\\\/Organic-Rose-Radish-for-Sprouts-and-Microgreens-40-grams-scaled.jpg\",\"width\":2560,\"height\":2560,\"caption\":\"OLYMPUS DIGITAL CAMERA\"},{\"@type\":\"BreadcrumbList\",\"@id\":\"https:\\\/\\\/freshsprouts.net\\\/de\\\/produkt\\\/bio-china-rose-rettich-samen-fuer-microgreens\\\/#breadcrumb\",\"itemListElement\":[{\"@type\":\"ListItem\",\"position\":1,\"name\":\"Home\",\"item\":\"https:\\\/\\\/freshsprouts.net\\\/de\\\/\"},{\"@type\":\"ListItem\",\"position\":2,\"name\":\"SHOP\",\"item\":\"https:\\\/\\\/freshsprouts.net\\\/de\\\/laden\\\/\"},{\"@type\":\"ListItem\",\"position\":3,\"name\":\"Bio China Rose Rettich samen f\u00fcr Microgreens\"}]},{\"@type\":\"WebSite\",\"@id\":\"https:\\\/\\\/freshsprouts.net\\\/de\\\/#website\",\"url\":\"https:\\\/\\\/freshsprouts.net\\\/de\\\/\",\"name\":\"FRESH SPROUTS\",\"description\":\"Grow your Health\",\"publisher\":{\"@id\":\"https:\\\/\\\/freshsprouts.net\\\/de\\\/#organization\"},\"potentialAction\":[{\"@type\":\"SearchAction\",\"target\":{\"@type\":\"EntryPoint\",\"urlTemplate\":\"https:\\\/\\\/freshsprouts.net\\\/de\\\/?s={search_term_string}\"},\"query-input\":{\"@type\":\"PropertyValueSpecification\",\"valueRequired\":true,\"valueName\":\"search_term_string\"}}],\"inLanguage\":\"de\"},{\"@type\":\"Organization\",\"@id\":\"https:\\\/\\\/freshsprouts.net\\\/de\\\/#organization\",\"name\":\"FRESH SPROUTS\",\"url\":\"https:\\\/\\\/freshsprouts.net\\\/de\\\/\",\"logo\":{\"@type\":\"ImageObject\",\"inLanguage\":\"de\",\"@id\":\"https:\\\/\\\/freshsprouts.net\\\/de\\\/#\\\/schema\\\/logo\\\/image\\\/\",\"url\":\"https:\\\/\\\/freshsprouts.net\\\/wp-content\\\/uploads\\\/2017\\\/05\\\/Fresh-Sprouts-logo-gray-web-1.png\",\"contentUrl\":\"https:\\\/\\\/freshsprouts.net\\\/wp-content\\\/uploads\\\/2017\\\/05\\\/Fresh-Sprouts-logo-gray-web-1.png\",\"width\":120,\"height\":69,\"caption\":\"FRESH SPROUTS\"},\"image\":{\"@id\":\"https:\\\/\\\/freshsprouts.net\\\/de\\\/#\\\/schema\\\/logo\\\/image\\\/\"},\"sameAs\":[\"https:\\\/\\\/www.facebook.com\\\/freshsproutsdenmark\\\/\",\"https:\\\/\\\/www.instagram.com\\\/fresh_sprouts\\\/\",\"https:\\\/\\\/www.pinterest.dk\\\/freshsprouts\\\/\"]}]}<\/script>\n<!-- \/ Yoast SEO plugin. -->","yoast_head_json":{"title":"Bio Rosenrettichsamen f\u00fcr Sprossen oder Microgreens in Ihrer K\u00fcche.","description":"Bio-Rosenrettichsamen, um das ganze Jahr \u00fcber eigene Sprossen oder Microgreens anzubauen. Die Rettichsprossen sind bereits nach 6 Tagen reif - kein Boden erforderlich.","robots":{"index":"index","follow":"follow","max-snippet":"max-snippet:-1","max-image-preview":"max-image-preview:large","max-video-preview":"max-video-preview:-1"},"canonical":"https:\/\/freshsprouts.net\/de\/produkt\/bio-china-rose-rettich-samen-fuer-microgreens\/","og_locale":"de_DE","og_type":"article","og_title":"Bio Rosenrettichsamen f\u00fcr Sprossen oder Microgreens in Ihrer K\u00fcche.","og_description":"Bio-Rosenrettichsamen, um das ganze Jahr \u00fcber eigene Sprossen oder Microgreens anzubauen. Die Rettichsprossen sind bereits nach 6 Tagen reif - kein Boden erforderlich.","og_url":"https:\/\/freshsprouts.net\/de\/produkt\/bio-china-rose-rettich-samen-fuer-microgreens\/","og_site_name":"FRESH SPROUTS","article_publisher":"https:\/\/www.facebook.com\/freshsproutsdenmark\/","og_image":[{"width":1200,"height":1200,"url":"https:\/\/freshsprouts.net\/wp-content\/uploads\/2023\/02\/Rose-Radish-for-Microgreens-and-Sprouts-40-gram.jpg","type":"image\/jpeg"}],"twitter_card":"summary_large_image","twitter_misc":{"Gesch\u00e4tzte Lesezeit":"2\u00a0Minuten"},"schema":{"@context":"https:\/\/schema.org","@graph":[{"@type":"WebPage","@id":"https:\/\/freshsprouts.net\/de\/produkt\/bio-china-rose-rettich-samen-fuer-microgreens\/","url":"https:\/\/freshsprouts.net\/de\/produkt\/bio-china-rose-rettich-samen-fuer-microgreens\/","name":"Bio Rosenrettichsamen f\u00fcr Sprossen oder Microgreens in Ihrer K\u00fcche.","isPartOf":{"@id":"https:\/\/freshsprouts.net\/de\/#website"},"primaryImageOfPage":{"@id":"https:\/\/freshsprouts.net\/de\/produkt\/bio-china-rose-rettich-samen-fuer-microgreens\/#primaryimage"},"image":{"@id":"https:\/\/freshsprouts.net\/de\/produkt\/bio-china-rose-rettich-samen-fuer-microgreens\/#primaryimage"},"thumbnailUrl":"https:\/\/freshsprouts.net\/wp-content\/uploads\/2023\/03\/Organic-Rose-Radish-for-Sprouts-and-Microgreens-40-grams-scaled.jpg","datePublished":"2025-11-01T11:00:05+00:00","description":"Bio-Rosenrettichsamen, um das ganze Jahr \u00fcber eigene Sprossen oder Microgreens anzubauen. Die Rettichsprossen sind bereits nach 6 Tagen reif - kein Boden erforderlich.","breadcrumb":{"@id":"https:\/\/freshsprouts.net\/de\/produkt\/bio-china-rose-rettich-samen-fuer-microgreens\/#breadcrumb"},"inLanguage":"de","potentialAction":[{"@type":"ReadAction","target":["https:\/\/freshsprouts.net\/de\/produkt\/bio-china-rose-rettich-samen-fuer-microgreens\/"]}]},{"@type":"ImageObject","inLanguage":"de","@id":"https:\/\/freshsprouts.net\/de\/produkt\/bio-china-rose-rettich-samen-fuer-microgreens\/#primaryimage","url":"https:\/\/freshsprouts.net\/wp-content\/uploads\/2023\/03\/Organic-Rose-Radish-for-Sprouts-and-Microgreens-40-grams-scaled.jpg","contentUrl":"https:\/\/freshsprouts.net\/wp-content\/uploads\/2023\/03\/Organic-Rose-Radish-for-Sprouts-and-Microgreens-40-grams-scaled.jpg","width":2560,"height":2560,"caption":"OLYMPUS DIGITAL CAMERA"},{"@type":"BreadcrumbList","@id":"https:\/\/freshsprouts.net\/de\/produkt\/bio-china-rose-rettich-samen-fuer-microgreens\/#breadcrumb","itemListElement":[{"@type":"ListItem","position":1,"name":"Home","item":"https:\/\/freshsprouts.net\/de\/"},{"@type":"ListItem","position":2,"name":"SHOP","item":"https:\/\/freshsprouts.net\/de\/laden\/"},{"@type":"ListItem","position":3,"name":"Bio China Rose Rettich samen f\u00fcr Microgreens"}]},{"@type":"WebSite","@id":"https:\/\/freshsprouts.net\/de\/#website","url":"https:\/\/freshsprouts.net\/de\/","name":"FRESH SPROUTS","description":"Grow your Health","publisher":{"@id":"https:\/\/freshsprouts.net\/de\/#organization"},"potentialAction":[{"@type":"SearchAction","target":{"@type":"EntryPoint","urlTemplate":"https:\/\/freshsprouts.net\/de\/?s={search_term_string}"},"query-input":{"@type":"PropertyValueSpecification","valueRequired":true,"valueName":"search_term_string"}}],"inLanguage":"de"},{"@type":"Organization","@id":"https:\/\/freshsprouts.net\/de\/#organization","name":"FRESH SPROUTS","url":"https:\/\/freshsprouts.net\/de\/","logo":{"@type":"ImageObject","inLanguage":"de","@id":"https:\/\/freshsprouts.net\/de\/#\/schema\/logo\/image\/","url":"https:\/\/freshsprouts.net\/wp-content\/uploads\/2017\/05\/Fresh-Sprouts-logo-gray-web-1.png","contentUrl":"https:\/\/freshsprouts.net\/wp-content\/uploads\/2017\/05\/Fresh-Sprouts-logo-gray-web-1.png","width":120,"height":69,"caption":"FRESH SPROUTS"},"image":{"@id":"https:\/\/freshsprouts.net\/de\/#\/schema\/logo\/image\/"},"sameAs":["https:\/\/www.facebook.com\/freshsproutsdenmark\/","https:\/\/www.instagram.com\/fresh_sprouts\/","https:\/\/www.pinterest.dk\/freshsprouts\/"]}]}},"_links":{"self":[{"href":"https:\/\/freshsprouts.net\/de\/wp-json\/wp\/v2\/product\/11487","targetHints":{"allow":["GET"]}}],"collection":[{"href":"https:\/\/freshsprouts.net\/de\/wp-json\/wp\/v2\/product"}],"about":[{"href":"https:\/\/freshsprouts.net\/de\/wp-json\/wp\/v2\/types\/product"}],"replies":[{"embeddable":true,"href":"https:\/\/freshsprouts.net\/de\/wp-json\/wp\/v2\/comments?post=11487"}],"wp:featuredmedia":[{"embeddable":true,"href":"https:\/\/freshsprouts.net\/de\/wp-json\/wp\/v2\/media\/24667"}],"wp:attachment":[{"href":"https:\/\/freshsprouts.net\/de\/wp-json\/wp\/v2\/media?parent=11487"}],"wp:term":[{"taxonomy":"product_brand","embeddable":true,"href":"https:\/\/freshsprouts.net\/de\/wp-json\/wp\/v2\/product_brand?post=11487"},{"taxonomy":"product_cat","embeddable":true,"href":"https:\/\/freshsprouts.net\/de\/wp-json\/wp\/v2\/product_cat?post=11487"},{"taxonomy":"product_tag","embeddable":true,"href":"https:\/\/freshsprouts.net\/de\/wp-json\/wp\/v2\/product_tag?post=11487"},{"taxonomy":"woo-feed-brand","embeddable":true,"href":"https:\/\/freshsprouts.net\/de\/wp-json\/wp\/v2\/woo-feed-brand?post=11487"}],"curies":[{"name":"wp","href":"https:\/\/api.w.org\/{rel}","templated":true}]}}