{"id":11755,"date":"2024-03-22T12:00:08","date_gmt":"2024-03-22T11:00:08","guid":{"rendered":"https:\/\/freshsprouts.net\/?post_type=product&#038;p=11755"},"modified":"2024-03-23T18:17:21","modified_gmt":"2024-03-23T17:17:21","slug":"bio-mizuna-samen-fuer-microgreens","status":"publish","type":"product","link":"https:\/\/freshsprouts.net\/de\/produkt\/bio-mizuna-samen-fuer-microgreens\/","title":{"rendered":"Bio Mizuna samen f\u00fcr Microgreens"},"content":{"rendered":"<h2 style=\"text-align: left;\">Bio Mizuna samen f\u00fcr Microgreens<\/h2>\n<p>Bio-Mizuna-Samen wachsen zu wundersch\u00f6nen Microgreens heran. Sie sind dunkelviolett mit wenigen gr\u00fcnen Einsprengseln in der Tasche. Diese Kiste ist eine sch\u00f6ne Farbvariante f\u00fcr Ihr gr\u00fcnes Geschirr. Sie k\u00f6nnen sie das ganze Jahr \u00fcber in Ihrer eigenen K\u00fcche anbauen.<br \/>\nDie Samen haben den lateinischen Namen Brassica juncea var. japonica Diese Senfsorte wird auch Spider-Senf oder Konya genannt.<\/p>\n<h2>Vitamine und Mineralstoffe in Mizuna<\/h2>\n<p>Bio-Mizuna Microgreens enthalten die Vitamine A, B, C, E, K und die Mineralien Kalium, Eisen, Kalzium, Magnesium, Zink und Phosphor.<\/p>\n<h2>Zerbrechliche Mizuna-Pflanzen<\/h2>\n<p>Mizuna ist eine kleine und empfindliche Pflanze, vor allem als Spross. Deshalb empfehle ich, sie mit gro\u00dfer Sorgfalt abzusp\u00fclen. Das liegt daran, dass die Pflanzen verrotten, wenn sie w\u00e4hrend der Kultivierung brechen. Um dies zu verhindern, k\u00f6nnen Sie einen Wasserhahnbel\u00fcfter an Ihrem Wasserhahn anbringen. So k\u00f6nnen Sie die Wasserstrahlen sehr weich machen.  <a href=\"https:\/\/freshsprouts.net\/product\/water-saving-faucet-aerator\/\">Siehe Wasserhahnbel\u00fcfter  &gt;<\/a><\/p>\n<h2>Geschmack und Verwendung in Lebensmitteln<\/h2>\n<p>Mizuna schmeckt herrlich nach Pfeffer und Senf in Kombination. Das macht Mizuna zu einer wunderbaren Erg\u00e4nzung in Salaten, Sandwiches, Wraps und Dips. Ich pers\u00f6nlich finde Mizuna nicht f\u00fcr Smoothies geeignet, aber viele verwenden sie f\u00fcr die beliebten Buddha-Schalen, da die Pflanzen sehr sch\u00f6n sind.<\/p>\n<h2>Anbaudauer von Bio-Mizuna-Samen f\u00fcr Microgreens<\/h2>\n<p>Sie k\u00f6nnen Ihre Bio-Mizuna-Samen entweder zu Sprossen oder zu Mikrogr\u00fcns anbauen. Wenn Ihre K\u00fcchentemperatur 18-23 \u00b0C betr\u00e4gt, sollten Ihre Mizuna-Sprossen nach 6 Tagen Anbauzeit erntereif sein. Bei gleicher Temperatur sollten sie nach insgesamt 12 Tagen zu reifen Colza Mikrogreens herangewachsen sein.<\/p>\n<h2>Kultivierungsger\u00e4t f\u00fcr Mizuna-Mikrogr\u00fcns<\/h2>\n<p>Da Mizuna ein gelierender &#8211; schleimiger &#8211; Samen ist, m\u00fcssen sie auf einem speziellen Substrat wachsen. Aus diesem Grund wird eine Hanfmatte oder Bio-Baumwolle unter den Samen ben\u00f6tigt. Das Substrat wird sowohl f\u00fcr den Anbau von Mizuna-Sprossen als auch von Mikrogr\u00fcns ben\u00f6tigt.  <a href=\"https:\/\/freshsprouts.net\/product\/organic-hemp-mats-for-microgreens\/\">Siehe Hanfmatte.<\/a><\/p>\n<h2>Microgreens brauchen Licht und D\u00fcnger<\/h2>\n<p>Wenn Sie Mizuna Microgreens anbauen, brauchen die Pflanzen ab dem 7. Tag des Anbaus k\u00fcnstliches Licht und zus\u00e4tzlichen D\u00fcnger. Unter <a href=\"https:\/\/freshsprouts.net\/shop\/microgreens\/\">MICRO KIT<\/a> finden Sie Beschreibungen \u00fcber die richtige Menge an Licht und D\u00fcnger f\u00fcr Microgreens, wenn Sie jedes Produkt verwenden. <a href=\"https:\/\/freshsprouts.net\/shop\/microgreens\/\">Besuchen Sie Micro Kit.<\/a><\/p>\n<p>Ich habe auch verschiedene Blogartikel \u00fcber Microgreens geschrieben. Diese k\u00f6nnten Sie interessieren und Ihnen Tipps f\u00fcr den Erfolg geben.<br \/>\n<a href=\"https:\/\/freshsprouts.net\/blog\/\">Besuchen Sie den BLOG<\/a><\/p>\n","protected":false},"excerpt":{"rendered":"<p>Bio-Mizuna-Samen f\u00fcr Mikrogr\u00fcns, die Sie das ganze Jahr \u00fcber in Ihrer K\u00fcche anbauen k\u00f6nnen. Die Samen sind eine Mischung aus gr\u00fcner und violetter Mizuna.<\/p>\n<p>Sie k\u00f6nnen Mizuna-Samen in 12 Tagen zu Microgreens anbauen.<\/p>\n<p>Als Microgreens schmecken sie wie eine Mischung aus Paprika und Kressesalat. Sie sind k\u00f6stlich in Dips, Salat, Sandwiches oder als Topping.<\/p>\n<p>3 gr Samen ergeben 1 gro\u00dfe Handvoll Sprossen.<br \/>\nAus 40 g Samen werden 45 Handvoll knackige Mikrogr\u00e4ser.<\/p>\n","protected":false},"featured_media":11791,"comment_status":"open","ping_status":"closed","template":"","meta":{"wprm-recipe-roundup-name":"","wprm-recipe-roundup-description":""},"product_brand":[],"product_cat":[2359],"product_tag":[445,496,459,469,904,431,906,907,476,488,905,442,478,479],"woo-feed-brand":[590],"class_list":{"0":"post-11755","1":"product","2":"type-product","3":"status-publish","4":"has-post-thumbnail","6":"product_cat-microgreens-samen","7":"product_tag-antioxidantien","8":"product_tag-bio-samen","9":"product_tag-chlorophyll","10":"product_tag-gelierende-samen","11":"product_tag-japanische-senfgruns","12":"product_tag-keimende-samen","13":"product_tag-konya-de","14":"product_tag-mizuna-de","15":"product_tag-samen","16":"product_tag-schleimige-samen","17":"product_tag-spinnensenf","18":"product_tag-sprossen","19":"product_tag-wurzig","20":"product_tag-wurzige-sprossen","21":"pa_mizuna-bag-size-mizuna-150-gramm","22":"pa_mizuna-bag-size-mizuna-3-gramm","23":"pa_mizuna-bag-size-mizuna-40-gramm","24":"woo-feed-brand-fresh-sprouts","26":"first","27":"instock","28":"taxable","29":"shipping-taxable","30":"purchasable","31":"product-type-variable","32":"has-default-attributes"},"yoast_head":"<!-- This site is optimized with the Yoast SEO plugin v27.5 - https:\/\/yoast.com\/product\/yoast-seo-wordpress\/ -->\n<title>Bio-Mizuna-Samen, die f\u00fcr selbst angebaute Sprossen oder Microgreens zertifiziert sind.<\/title>\n<meta name=\"description\" content=\"Bio-Mizuna-Samen, auch bekannt als Paprikasalat, f\u00fcr Ihre Sprossen oder Microgreens, die in der eigenen K\u00fcche in 6 Tagen f\u00fcr Rohkost, Salate, Dips usw. angebaut werden.\" \/>\n<meta name=\"robots\" content=\"index, follow, max-snippet:-1, max-image-preview:large, max-video-preview:-1\" \/>\n<link rel=\"canonical\" href=\"https:\/\/freshsprouts.net\/de\/produkt\/bio-mizuna-samen-fuer-microgreens\/\" \/>\n<meta property=\"og:locale\" content=\"de_DE\" \/>\n<meta property=\"og:type\" content=\"article\" \/>\n<meta property=\"og:title\" content=\"Bio-Mizuna-Samen, die f\u00fcr selbst angebaute Sprossen oder Microgreens zertifiziert sind.\" \/>\n<meta property=\"og:description\" content=\"Bio-Mizuna-Samen, auch bekannt als Paprikasalat, f\u00fcr Ihre Sprossen oder Microgreens, die in der eigenen K\u00fcche in 6 Tagen f\u00fcr Rohkost, Salate, Dips usw. angebaut werden.\" \/>\n<meta property=\"og:url\" content=\"https:\/\/freshsprouts.net\/de\/produkt\/bio-mizuna-samen-fuer-microgreens\/\" \/>\n<meta property=\"og:site_name\" content=\"FRESH SPROUTS\" \/>\n<meta property=\"article:publisher\" content=\"https:\/\/www.facebook.com\/freshsproutsdenmark\/\" \/>\n<meta property=\"article:modified_time\" content=\"2024-03-23T17:17:21+00:00\" \/>\n<meta property=\"og:image\" content=\"https:\/\/freshsprouts.net\/wp-content\/uploads\/2022\/06\/Green-mizuna-organic-seeds-for-Microgreens.jpg\" \/>\n\t<meta property=\"og:image:width\" content=\"1000\" \/>\n\t<meta property=\"og:image:height\" content=\"1000\" \/>\n\t<meta property=\"og:image:type\" content=\"image\/jpeg\" \/>\n<meta name=\"twitter:card\" content=\"summary_large_image\" \/>\n<meta name=\"twitter:label1\" content=\"Gesch\u00e4tzte Lesezeit\" \/>\n\t<meta name=\"twitter:data1\" content=\"2\u00a0Minuten\" \/>\n<script type=\"application\/ld+json\" class=\"yoast-schema-graph\">{\"@context\":\"https:\\\/\\\/schema.org\",\"@graph\":[{\"@type\":\"WebPage\",\"@id\":\"https:\\\/\\\/freshsprouts.net\\\/de\\\/produkt\\\/bio-mizuna-samen-fuer-microgreens\\\/\",\"url\":\"https:\\\/\\\/freshsprouts.net\\\/de\\\/produkt\\\/bio-mizuna-samen-fuer-microgreens\\\/\",\"name\":\"Bio-Mizuna-Samen, die f\u00fcr selbst angebaute Sprossen oder Microgreens zertifiziert sind.\",\"isPartOf\":{\"@id\":\"https:\\\/\\\/freshsprouts.net\\\/de\\\/#website\"},\"primaryImageOfPage\":{\"@id\":\"https:\\\/\\\/freshsprouts.net\\\/de\\\/produkt\\\/bio-mizuna-samen-fuer-microgreens\\\/#primaryimage\"},\"image\":{\"@id\":\"https:\\\/\\\/freshsprouts.net\\\/de\\\/produkt\\\/bio-mizuna-samen-fuer-microgreens\\\/#primaryimage\"},\"thumbnailUrl\":\"https:\\\/\\\/freshsprouts.net\\\/wp-content\\\/uploads\\\/2022\\\/06\\\/Green-mizuna-organic-seeds-for-Microgreens.jpg\",\"datePublished\":\"2024-03-22T11:00:08+00:00\",\"dateModified\":\"2024-03-23T17:17:21+00:00\",\"description\":\"Bio-Mizuna-Samen, auch bekannt als Paprikasalat, f\u00fcr Ihre Sprossen oder Microgreens, die in der eigenen K\u00fcche in 6 Tagen f\u00fcr Rohkost, Salate, Dips usw. angebaut werden.\",\"breadcrumb\":{\"@id\":\"https:\\\/\\\/freshsprouts.net\\\/de\\\/produkt\\\/bio-mizuna-samen-fuer-microgreens\\\/#breadcrumb\"},\"inLanguage\":\"de\",\"potentialAction\":[{\"@type\":\"ReadAction\",\"target\":[\"https:\\\/\\\/freshsprouts.net\\\/de\\\/produkt\\\/bio-mizuna-samen-fuer-microgreens\\\/\"]}]},{\"@type\":\"ImageObject\",\"inLanguage\":\"de\",\"@id\":\"https:\\\/\\\/freshsprouts.net\\\/de\\\/produkt\\\/bio-mizuna-samen-fuer-microgreens\\\/#primaryimage\",\"url\":\"https:\\\/\\\/freshsprouts.net\\\/wp-content\\\/uploads\\\/2022\\\/06\\\/Green-mizuna-organic-seeds-for-Microgreens.jpg\",\"contentUrl\":\"https:\\\/\\\/freshsprouts.net\\\/wp-content\\\/uploads\\\/2022\\\/06\\\/Green-mizuna-organic-seeds-for-Microgreens.jpg\",\"width\":1000,\"height\":1000,\"caption\":\"OLYMPUS DIGITAL CAMERA\"},{\"@type\":\"BreadcrumbList\",\"@id\":\"https:\\\/\\\/freshsprouts.net\\\/de\\\/produkt\\\/bio-mizuna-samen-fuer-microgreens\\\/#breadcrumb\",\"itemListElement\":[{\"@type\":\"ListItem\",\"position\":1,\"name\":\"Home\",\"item\":\"https:\\\/\\\/freshsprouts.net\\\/de\\\/\"},{\"@type\":\"ListItem\",\"position\":2,\"name\":\"SHOP\",\"item\":\"https:\\\/\\\/freshsprouts.net\\\/de\\\/laden\\\/\"},{\"@type\":\"ListItem\",\"position\":3,\"name\":\"Bio Mizuna samen f\u00fcr Microgreens\"}]},{\"@type\":\"WebSite\",\"@id\":\"https:\\\/\\\/freshsprouts.net\\\/de\\\/#website\",\"url\":\"https:\\\/\\\/freshsprouts.net\\\/de\\\/\",\"name\":\"FRESH SPROUTS\",\"description\":\"Grow your Health\",\"publisher\":{\"@id\":\"https:\\\/\\\/freshsprouts.net\\\/de\\\/#organization\"},\"potentialAction\":[{\"@type\":\"SearchAction\",\"target\":{\"@type\":\"EntryPoint\",\"urlTemplate\":\"https:\\\/\\\/freshsprouts.net\\\/de\\\/?s={search_term_string}\"},\"query-input\":{\"@type\":\"PropertyValueSpecification\",\"valueRequired\":true,\"valueName\":\"search_term_string\"}}],\"inLanguage\":\"de\"},{\"@type\":\"Organization\",\"@id\":\"https:\\\/\\\/freshsprouts.net\\\/de\\\/#organization\",\"name\":\"FRESH SPROUTS\",\"url\":\"https:\\\/\\\/freshsprouts.net\\\/de\\\/\",\"logo\":{\"@type\":\"ImageObject\",\"inLanguage\":\"de\",\"@id\":\"https:\\\/\\\/freshsprouts.net\\\/de\\\/#\\\/schema\\\/logo\\\/image\\\/\",\"url\":\"https:\\\/\\\/freshsprouts.net\\\/wp-content\\\/uploads\\\/2017\\\/05\\\/Fresh-Sprouts-logo-gray-web-1.png\",\"contentUrl\":\"https:\\\/\\\/freshsprouts.net\\\/wp-content\\\/uploads\\\/2017\\\/05\\\/Fresh-Sprouts-logo-gray-web-1.png\",\"width\":120,\"height\":69,\"caption\":\"FRESH SPROUTS\"},\"image\":{\"@id\":\"https:\\\/\\\/freshsprouts.net\\\/de\\\/#\\\/schema\\\/logo\\\/image\\\/\"},\"sameAs\":[\"https:\\\/\\\/www.facebook.com\\\/freshsproutsdenmark\\\/\",\"https:\\\/\\\/www.instagram.com\\\/fresh_sprouts\\\/\",\"https:\\\/\\\/www.pinterest.dk\\\/freshsprouts\\\/\"]}]}<\/script>\n<!-- \/ Yoast SEO plugin. -->","yoast_head_json":{"title":"Bio-Mizuna-Samen, die f\u00fcr selbst angebaute Sprossen oder Microgreens zertifiziert sind.","description":"Bio-Mizuna-Samen, auch bekannt als Paprikasalat, f\u00fcr Ihre Sprossen oder Microgreens, die in der eigenen K\u00fcche in 6 Tagen f\u00fcr Rohkost, Salate, Dips usw. angebaut werden.","robots":{"index":"index","follow":"follow","max-snippet":"max-snippet:-1","max-image-preview":"max-image-preview:large","max-video-preview":"max-video-preview:-1"},"canonical":"https:\/\/freshsprouts.net\/de\/produkt\/bio-mizuna-samen-fuer-microgreens\/","og_locale":"de_DE","og_type":"article","og_title":"Bio-Mizuna-Samen, die f\u00fcr selbst angebaute Sprossen oder Microgreens zertifiziert sind.","og_description":"Bio-Mizuna-Samen, auch bekannt als Paprikasalat, f\u00fcr Ihre Sprossen oder Microgreens, die in der eigenen K\u00fcche in 6 Tagen f\u00fcr Rohkost, Salate, Dips usw. angebaut werden.","og_url":"https:\/\/freshsprouts.net\/de\/produkt\/bio-mizuna-samen-fuer-microgreens\/","og_site_name":"FRESH SPROUTS","article_publisher":"https:\/\/www.facebook.com\/freshsproutsdenmark\/","article_modified_time":"2024-03-23T17:17:21+00:00","og_image":[{"width":1000,"height":1000,"url":"https:\/\/freshsprouts.net\/wp-content\/uploads\/2022\/06\/Green-mizuna-organic-seeds-for-Microgreens.jpg","type":"image\/jpeg"}],"twitter_card":"summary_large_image","twitter_misc":{"Gesch\u00e4tzte Lesezeit":"2\u00a0Minuten"},"schema":{"@context":"https:\/\/schema.org","@graph":[{"@type":"WebPage","@id":"https:\/\/freshsprouts.net\/de\/produkt\/bio-mizuna-samen-fuer-microgreens\/","url":"https:\/\/freshsprouts.net\/de\/produkt\/bio-mizuna-samen-fuer-microgreens\/","name":"Bio-Mizuna-Samen, die f\u00fcr selbst angebaute Sprossen oder Microgreens zertifiziert sind.","isPartOf":{"@id":"https:\/\/freshsprouts.net\/de\/#website"},"primaryImageOfPage":{"@id":"https:\/\/freshsprouts.net\/de\/produkt\/bio-mizuna-samen-fuer-microgreens\/#primaryimage"},"image":{"@id":"https:\/\/freshsprouts.net\/de\/produkt\/bio-mizuna-samen-fuer-microgreens\/#primaryimage"},"thumbnailUrl":"https:\/\/freshsprouts.net\/wp-content\/uploads\/2022\/06\/Green-mizuna-organic-seeds-for-Microgreens.jpg","datePublished":"2024-03-22T11:00:08+00:00","dateModified":"2024-03-23T17:17:21+00:00","description":"Bio-Mizuna-Samen, auch bekannt als Paprikasalat, f\u00fcr Ihre Sprossen oder Microgreens, die in der eigenen K\u00fcche in 6 Tagen f\u00fcr Rohkost, Salate, Dips usw. angebaut werden.","breadcrumb":{"@id":"https:\/\/freshsprouts.net\/de\/produkt\/bio-mizuna-samen-fuer-microgreens\/#breadcrumb"},"inLanguage":"de","potentialAction":[{"@type":"ReadAction","target":["https:\/\/freshsprouts.net\/de\/produkt\/bio-mizuna-samen-fuer-microgreens\/"]}]},{"@type":"ImageObject","inLanguage":"de","@id":"https:\/\/freshsprouts.net\/de\/produkt\/bio-mizuna-samen-fuer-microgreens\/#primaryimage","url":"https:\/\/freshsprouts.net\/wp-content\/uploads\/2022\/06\/Green-mizuna-organic-seeds-for-Microgreens.jpg","contentUrl":"https:\/\/freshsprouts.net\/wp-content\/uploads\/2022\/06\/Green-mizuna-organic-seeds-for-Microgreens.jpg","width":1000,"height":1000,"caption":"OLYMPUS DIGITAL CAMERA"},{"@type":"BreadcrumbList","@id":"https:\/\/freshsprouts.net\/de\/produkt\/bio-mizuna-samen-fuer-microgreens\/#breadcrumb","itemListElement":[{"@type":"ListItem","position":1,"name":"Home","item":"https:\/\/freshsprouts.net\/de\/"},{"@type":"ListItem","position":2,"name":"SHOP","item":"https:\/\/freshsprouts.net\/de\/laden\/"},{"@type":"ListItem","position":3,"name":"Bio Mizuna samen f\u00fcr Microgreens"}]},{"@type":"WebSite","@id":"https:\/\/freshsprouts.net\/de\/#website","url":"https:\/\/freshsprouts.net\/de\/","name":"FRESH SPROUTS","description":"Grow your Health","publisher":{"@id":"https:\/\/freshsprouts.net\/de\/#organization"},"potentialAction":[{"@type":"SearchAction","target":{"@type":"EntryPoint","urlTemplate":"https:\/\/freshsprouts.net\/de\/?s={search_term_string}"},"query-input":{"@type":"PropertyValueSpecification","valueRequired":true,"valueName":"search_term_string"}}],"inLanguage":"de"},{"@type":"Organization","@id":"https:\/\/freshsprouts.net\/de\/#organization","name":"FRESH SPROUTS","url":"https:\/\/freshsprouts.net\/de\/","logo":{"@type":"ImageObject","inLanguage":"de","@id":"https:\/\/freshsprouts.net\/de\/#\/schema\/logo\/image\/","url":"https:\/\/freshsprouts.net\/wp-content\/uploads\/2017\/05\/Fresh-Sprouts-logo-gray-web-1.png","contentUrl":"https:\/\/freshsprouts.net\/wp-content\/uploads\/2017\/05\/Fresh-Sprouts-logo-gray-web-1.png","width":120,"height":69,"caption":"FRESH SPROUTS"},"image":{"@id":"https:\/\/freshsprouts.net\/de\/#\/schema\/logo\/image\/"},"sameAs":["https:\/\/www.facebook.com\/freshsproutsdenmark\/","https:\/\/www.instagram.com\/fresh_sprouts\/","https:\/\/www.pinterest.dk\/freshsprouts\/"]}]}},"_links":{"self":[{"href":"https:\/\/freshsprouts.net\/de\/wp-json\/wp\/v2\/product\/11755","targetHints":{"allow":["GET"]}}],"collection":[{"href":"https:\/\/freshsprouts.net\/de\/wp-json\/wp\/v2\/product"}],"about":[{"href":"https:\/\/freshsprouts.net\/de\/wp-json\/wp\/v2\/types\/product"}],"replies":[{"embeddable":true,"href":"https:\/\/freshsprouts.net\/de\/wp-json\/wp\/v2\/comments?post=11755"}],"wp:featuredmedia":[{"embeddable":true,"href":"https:\/\/freshsprouts.net\/de\/wp-json\/wp\/v2\/media\/11791"}],"wp:attachment":[{"href":"https:\/\/freshsprouts.net\/de\/wp-json\/wp\/v2\/media?parent=11755"}],"wp:term":[{"taxonomy":"product_brand","embeddable":true,"href":"https:\/\/freshsprouts.net\/de\/wp-json\/wp\/v2\/product_brand?post=11755"},{"taxonomy":"product_cat","embeddable":true,"href":"https:\/\/freshsprouts.net\/de\/wp-json\/wp\/v2\/product_cat?post=11755"},{"taxonomy":"product_tag","embeddable":true,"href":"https:\/\/freshsprouts.net\/de\/wp-json\/wp\/v2\/product_tag?post=11755"},{"taxonomy":"woo-feed-brand","embeddable":true,"href":"https:\/\/freshsprouts.net\/de\/wp-json\/wp\/v2\/woo-feed-brand?post=11755"}],"curies":[{"name":"wp","href":"https:\/\/api.w.org\/{rel}","templated":true}]}}