{"id":11986,"date":"2025-10-28T12:00:34","date_gmt":"2025-10-28T11:00:34","guid":{"rendered":"https:\/\/freshsprouts.net\/?post_type=product&#038;p=11986"},"modified":"2023-02-25T13:31:08","modified_gmt":"2023-02-25T12:31:08","slug":"bio-kresse-samen-fur-microgreens","status":"publish","type":"product","link":"https:\/\/freshsprouts.net\/de\/produkt\/bio-kresse-samen-fur-microgreens\/","title":{"rendered":"Bio Kresse samen f\u00fcr Microgreens"},"content":{"rendered":"<h2 style=\"text-align: left;\">Bio Kresse samen f\u00fcr Microgreens<\/h2>\n<p style=\"text-align: left;\">Bio Kresse samen f\u00fcr Microgreens ist eine einfache Pflanze, an der Sie viel Freude haben werden, da sie sehr einfach anzubauen ist. Die Samen haben den lateinischen Namen Lepidium sativum. Die Kresse wird auch Pfefferkraut oder Turmsenf genannt.<\/p>\n<h2>Vitamine und Mineralstoffe in Kresse<\/h2>\n<p>Bio Kresse Mikrogreens sind sehr n\u00e4hrstoffreich. Sie enthalten die Vitamine: B1, B3, B6, E und die Mineralstoffe Eisen, Kalzium, Magnesium, Mangan, Phosphor, Zink und Selen.<\/p>\n<h2>Feuchtigkeit f\u00fcr Kresse<\/h2>\n<p>Auch wenn Kressesamen Gel bilden, d\u00fcrfen sie w\u00e4hrend des Anbaus nicht austrocknen. Wenn sie austrocknen, verdorren die Samen und\/oder Pflanzen. Halten Sie also die Watte oder Hanfmatte w\u00e4hrend des gesamten Anbaus st\u00e4ndig feucht. Zum Gl\u00fcck ist dies sehr einfach, denn Sie k\u00f6nnen den Stoff oder die Anzuchtmatte unter den Samen morgens und abends mit etwas Wasser versorgen. Dann werden Ihre Pflanzen gut f\u00fcr Sie wachsen.<\/p>\n<h2>Geschmack und Verwendung in Lebensmitteln<\/h2>\n<p>Ihr selbst angebautes Cress Mikrogreens hat einen sch\u00f6n runden Kressegeschmack. Der Geschmack ist bei den gr\u00f6\u00dferen Microgreens milder als bei den kleinen Sprossen. Das ist gut, wenn Sie den traditionellen Kressegeschmack ein wenig zu stark finden. Ich pers\u00f6nlich genie\u00dfe Kresse in jeder Gr\u00f6\u00dfe als pikante Beilage in Salaten, Sandwiches, Wraps und Dips.<\/p>\n<h2>Anbaudauer von Bio Kresse samen f\u00fcr Microgreens<\/h2>\n<p>Sie k\u00f6nnen Ihre Bio Kresse samen entweder zu Sprossen oder zu Mikrogreens anbauen. Wenn die Temperatur in Ihrer K\u00fcche 18-23 \u00b0C betr\u00e4gt, sollten Ihre Kressesprossen nach 6 Tagen Anbauzeit erntereif sein. Bei gleicher Temperatur sollten sie nach insgesamt 12 Tagen zu reifen Colza Mikrogreens herangewachsen sein.<\/p>\n<h2>Anbauger\u00e4t f\u00fcr Kresse Mikrogreens<\/h2>\n<p>Da Kresse ein gelierendes &#8211; schleimiges &#8211; Samen ist, muss sie auf einem speziellen Substrat wachsen. Aus diesem Grund wird eine Hanfmatte oder Bio-Baumwolle unter den Samen ben\u00f6tigt. Das Substrat wird ben\u00f6tigt, um sowohl Kressesprossen als auch Microgreens anzubauen. <a href=\"https:\/\/freshsprouts.net\/de\/product\/bio-hanfmatte-fur-microgreens\/\">Siehe Hanfmatte.<\/a><\/p>\n<h2>Microgreens brauchen Licht und D\u00fcnger<\/h2>\n<p>Wenn Sie Kresse Microgreens anbauen, dann brauchen die Pflanzen ab dem 7. Tag der Kultivierung k\u00fcnstliches Licht und zus\u00e4tzlichen D\u00fcnger. Unter <a href=\"https:\/\/freshsprouts.net\/de\/shop\/microgreen-paket\/\">MICRO KIT<\/a> finden Sie Beschreibungen \u00fcber die richtige Menge an Licht und D\u00fcnger f\u00fcr Microgreens, wenn Sie jedes Produkt verwenden. <a href=\"https:\/\/freshsprouts.net\/de\/shop\/microgreen-paket\/\">Besuchen Sie Micro Kit.<\/a><\/p>\n<p>Ich habe auch verschiedene Blogartikel \u00fcber Microgreens geschrieben. Diese k\u00f6nnten Sie interessieren und Ihnen Tipps f\u00fcr den Erfolg geben.<br \/>\n<a href=\"https:\/\/freshsprouts.net\/de\/blog\/\">Besuchen Sie den BLOG<\/a><\/p>\n","protected":false},"excerpt":{"rendered":"<p>Bio Kresse samen f\u00fcr Ihre selbstgezogenen Microgreens. Kressesamen lassen sich das ganze Jahr \u00fcber in Ihrer K\u00fcche leicht zu Sprossen wachsen.<\/p>\n<p>Sie k\u00f6nnen Kresse innerhalb von 12 Tagen zu Microgreens anbauen.<\/p>\n<p>Cress Microgreens haben einen starken Kressegeschmack. Sowohl als Sprossen als auch als Microgreens ist die Pflanze wegen ihres w\u00fcrzigen Geschmacks und ihres einfachen Anbaus sehr beliebt. Sie sind k\u00f6stlich als Topping auf Dips, Salaten, Toast usw.<\/p>\n<p>Die Samen sind gelierend \/ muskul\u00f6s, so dass sie auf Bio-Baumwolle oder Hanfmatte wachsen m\u00fcssen, um zu gedeihen.<\/p>\n<p>3 gr Samen ergeben 2 Handvoll Sprossen.<br \/>\nAus 50 g Kresse Samen werden 40 Handvoll knackiges Mikrogreens.<\/p>\n","protected":false},"featured_media":12001,"comment_status":"open","ping_status":"closed","template":"","meta":{"wprm-recipe-roundup-name":"","wprm-recipe-roundup-description":""},"product_brand":[],"product_cat":[2359],"product_tag":[496,917,469,914,431,464,918,912,409,487,493,916,488,442,913,915,911],"woo-feed-brand":[590],"class_list":{"0":"post-11986","1":"product","2":"type-product","3":"status-publish","4":"has-post-thumbnail","6":"product_cat-microgreens-samen","7":"product_tag-bio-samen","8":"product_tag-gartenkresse","9":"product_tag-gelierende-samen","10":"product_tag-gelsamen","11":"product_tag-keimende-samen","12":"product_tag-kresse","13":"product_tag-lepidium-sativum-de","14":"product_tag-lila","15":"product_tag-microgreens-de","16":"product_tag-mikrogrune-samen","17":"product_tag-organisch","18":"product_tag-pfefferwurze","19":"product_tag-schleimige-samen","20":"product_tag-sprossen","21":"product_tag-starker-geschmack","22":"product_tag-turmsenf","23":"product_tag-violett","24":"woo-feed-brand-fresh-sprouts","26":"first","27":"instock","28":"taxable","29":"shipping-taxable","30":"purchasable","31":"product-type-variable","32":"has-default-attributes"},"yoast_head":"<!-- This site is optimized with the Yoast SEO plugin v27.4 - https:\/\/yoast.com\/product\/yoast-seo-wordpress\/ -->\n<title>Bio-Kresse-Samen f\u00fcr Microgreens, die in 12 Tagen zu Hause angebaut werden<\/title>\n<meta name=\"description\" content=\"Bio Kresse samen f\u00fcr Sprossen oder Microgreens f\u00fcr frisches heimisches Topping oder Ingrediens f\u00fcr Dips und Salate. EU-zertifiziertes Samen.\" \/>\n<meta name=\"robots\" content=\"index, follow, max-snippet:-1, max-image-preview:large, max-video-preview:-1\" \/>\n<link rel=\"canonical\" href=\"https:\/\/freshsprouts.net\/de\/produkt\/bio-kresse-samen-fur-microgreens\/\" \/>\n<meta property=\"og:locale\" content=\"de_DE\" \/>\n<meta property=\"og:type\" content=\"article\" \/>\n<meta property=\"og:title\" content=\"Bio-Kresse-Samen f\u00fcr Microgreens, die in 12 Tagen zu Hause angebaut werden\" \/>\n<meta property=\"og:description\" content=\"Bio Kresse samen f\u00fcr Sprossen oder Microgreens f\u00fcr frisches heimisches Topping oder Ingrediens f\u00fcr Dips und Salate. EU-zertifiziertes Samen.\" \/>\n<meta property=\"og:url\" content=\"https:\/\/freshsprouts.net\/de\/produkt\/bio-kresse-samen-fur-microgreens\/\" \/>\n<meta property=\"og:site_name\" content=\"FRESH SPROUTS\" \/>\n<meta property=\"article:publisher\" content=\"https:\/\/www.facebook.com\/freshsproutsdenmark\/\" \/>\n<meta property=\"og:image\" content=\"https:\/\/freshsprouts.net\/wp-content\/uploads\/2020\/05\/Organic-alfalfa-seeds-grown-to-sprouts.jpg\" \/>\n<meta name=\"twitter:card\" content=\"summary_large_image\" \/>\n<meta name=\"twitter:label1\" content=\"Gesch\u00e4tzte Lesezeit\" \/>\n\t<meta name=\"twitter:data1\" content=\"2\u00a0Minuten\" \/>\n<script type=\"application\/ld+json\" class=\"yoast-schema-graph\">{\"@context\":\"https:\\\/\\\/schema.org\",\"@graph\":[{\"@type\":\"WebPage\",\"@id\":\"https:\\\/\\\/freshsprouts.net\\\/de\\\/produkt\\\/bio-kresse-samen-fur-microgreens\\\/\",\"url\":\"https:\\\/\\\/freshsprouts.net\\\/de\\\/produkt\\\/bio-kresse-samen-fur-microgreens\\\/\",\"name\":\"Bio-Kresse-Samen f\u00fcr Microgreens, die in 12 Tagen zu Hause angebaut werden\",\"isPartOf\":{\"@id\":\"https:\\\/\\\/freshsprouts.net\\\/de\\\/#website\"},\"primaryImageOfPage\":{\"@id\":\"https:\\\/\\\/freshsprouts.net\\\/de\\\/produkt\\\/bio-kresse-samen-fur-microgreens\\\/#primaryimage\"},\"image\":{\"@id\":\"https:\\\/\\\/freshsprouts.net\\\/de\\\/produkt\\\/bio-kresse-samen-fur-microgreens\\\/#primaryimage\"},\"thumbnailUrl\":\"https:\\\/\\\/freshsprouts.net\\\/wp-content\\\/uploads\\\/2022\\\/06\\\/Organic-Cress-seeds-for-Microgreens.jpg\",\"datePublished\":\"2025-10-28T11:00:34+00:00\",\"description\":\"Bio Kresse samen f\u00fcr Sprossen oder Microgreens f\u00fcr frisches heimisches Topping oder Ingrediens f\u00fcr Dips und Salate. EU-zertifiziertes Samen.\",\"breadcrumb\":{\"@id\":\"https:\\\/\\\/freshsprouts.net\\\/de\\\/produkt\\\/bio-kresse-samen-fur-microgreens\\\/#breadcrumb\"},\"inLanguage\":\"de\",\"potentialAction\":[{\"@type\":\"ReadAction\",\"target\":[\"https:\\\/\\\/freshsprouts.net\\\/de\\\/produkt\\\/bio-kresse-samen-fur-microgreens\\\/\"]}]},{\"@type\":\"ImageObject\",\"inLanguage\":\"de\",\"@id\":\"https:\\\/\\\/freshsprouts.net\\\/de\\\/produkt\\\/bio-kresse-samen-fur-microgreens\\\/#primaryimage\",\"url\":\"https:\\\/\\\/freshsprouts.net\\\/wp-content\\\/uploads\\\/2022\\\/06\\\/Organic-Cress-seeds-for-Microgreens.jpg\",\"contentUrl\":\"https:\\\/\\\/freshsprouts.net\\\/wp-content\\\/uploads\\\/2022\\\/06\\\/Organic-Cress-seeds-for-Microgreens.jpg\",\"width\":1000,\"height\":1000,\"caption\":\"OLYMPUS DIGITAL CAMERA\"},{\"@type\":\"BreadcrumbList\",\"@id\":\"https:\\\/\\\/freshsprouts.net\\\/de\\\/produkt\\\/bio-kresse-samen-fur-microgreens\\\/#breadcrumb\",\"itemListElement\":[{\"@type\":\"ListItem\",\"position\":1,\"name\":\"Home\",\"item\":\"https:\\\/\\\/freshsprouts.net\\\/de\\\/\"},{\"@type\":\"ListItem\",\"position\":2,\"name\":\"SHOP\",\"item\":\"https:\\\/\\\/freshsprouts.net\\\/de\\\/laden\\\/\"},{\"@type\":\"ListItem\",\"position\":3,\"name\":\"Bio Kresse samen f\u00fcr Microgreens\"}]},{\"@type\":\"WebSite\",\"@id\":\"https:\\\/\\\/freshsprouts.net\\\/de\\\/#website\",\"url\":\"https:\\\/\\\/freshsprouts.net\\\/de\\\/\",\"name\":\"FRESH SPROUTS\",\"description\":\"Grow your Health\",\"publisher\":{\"@id\":\"https:\\\/\\\/freshsprouts.net\\\/de\\\/#organization\"},\"potentialAction\":[{\"@type\":\"SearchAction\",\"target\":{\"@type\":\"EntryPoint\",\"urlTemplate\":\"https:\\\/\\\/freshsprouts.net\\\/de\\\/?s={search_term_string}\"},\"query-input\":{\"@type\":\"PropertyValueSpecification\",\"valueRequired\":true,\"valueName\":\"search_term_string\"}}],\"inLanguage\":\"de\"},{\"@type\":\"Organization\",\"@id\":\"https:\\\/\\\/freshsprouts.net\\\/de\\\/#organization\",\"name\":\"FRESH SPROUTS\",\"url\":\"https:\\\/\\\/freshsprouts.net\\\/de\\\/\",\"logo\":{\"@type\":\"ImageObject\",\"inLanguage\":\"de\",\"@id\":\"https:\\\/\\\/freshsprouts.net\\\/de\\\/#\\\/schema\\\/logo\\\/image\\\/\",\"url\":\"https:\\\/\\\/freshsprouts.net\\\/wp-content\\\/uploads\\\/2017\\\/05\\\/Fresh-Sprouts-logo-gray-web-1.png\",\"contentUrl\":\"https:\\\/\\\/freshsprouts.net\\\/wp-content\\\/uploads\\\/2017\\\/05\\\/Fresh-Sprouts-logo-gray-web-1.png\",\"width\":120,\"height\":69,\"caption\":\"FRESH SPROUTS\"},\"image\":{\"@id\":\"https:\\\/\\\/freshsprouts.net\\\/de\\\/#\\\/schema\\\/logo\\\/image\\\/\"},\"sameAs\":[\"https:\\\/\\\/www.facebook.com\\\/freshsproutsdenmark\\\/\",\"https:\\\/\\\/www.instagram.com\\\/fresh_sprouts\\\/\",\"https:\\\/\\\/www.pinterest.dk\\\/freshsprouts\\\/\"]}]}<\/script>\n<!-- \/ Yoast SEO plugin. -->","yoast_head_json":{"title":"Bio-Kresse-Samen f\u00fcr Microgreens, die in 12 Tagen zu Hause angebaut werden","description":"Bio Kresse samen f\u00fcr Sprossen oder Microgreens f\u00fcr frisches heimisches Topping oder Ingrediens f\u00fcr Dips und Salate. EU-zertifiziertes Samen.","robots":{"index":"index","follow":"follow","max-snippet":"max-snippet:-1","max-image-preview":"max-image-preview:large","max-video-preview":"max-video-preview:-1"},"canonical":"https:\/\/freshsprouts.net\/de\/produkt\/bio-kresse-samen-fur-microgreens\/","og_locale":"de_DE","og_type":"article","og_title":"Bio-Kresse-Samen f\u00fcr Microgreens, die in 12 Tagen zu Hause angebaut werden","og_description":"Bio Kresse samen f\u00fcr Sprossen oder Microgreens f\u00fcr frisches heimisches Topping oder Ingrediens f\u00fcr Dips und Salate. EU-zertifiziertes Samen.","og_url":"https:\/\/freshsprouts.net\/de\/produkt\/bio-kresse-samen-fur-microgreens\/","og_site_name":"FRESH SPROUTS","article_publisher":"https:\/\/www.facebook.com\/freshsproutsdenmark\/","og_image":[{"url":"https:\/\/freshsprouts.net\/wp-content\/uploads\/2020\/05\/Organic-alfalfa-seeds-grown-to-sprouts.jpg","type":"","width":"","height":""}],"twitter_card":"summary_large_image","twitter_misc":{"Gesch\u00e4tzte Lesezeit":"2\u00a0Minuten"},"schema":{"@context":"https:\/\/schema.org","@graph":[{"@type":"WebPage","@id":"https:\/\/freshsprouts.net\/de\/produkt\/bio-kresse-samen-fur-microgreens\/","url":"https:\/\/freshsprouts.net\/de\/produkt\/bio-kresse-samen-fur-microgreens\/","name":"Bio-Kresse-Samen f\u00fcr Microgreens, die in 12 Tagen zu Hause angebaut werden","isPartOf":{"@id":"https:\/\/freshsprouts.net\/de\/#website"},"primaryImageOfPage":{"@id":"https:\/\/freshsprouts.net\/de\/produkt\/bio-kresse-samen-fur-microgreens\/#primaryimage"},"image":{"@id":"https:\/\/freshsprouts.net\/de\/produkt\/bio-kresse-samen-fur-microgreens\/#primaryimage"},"thumbnailUrl":"https:\/\/freshsprouts.net\/wp-content\/uploads\/2022\/06\/Organic-Cress-seeds-for-Microgreens.jpg","datePublished":"2025-10-28T11:00:34+00:00","description":"Bio Kresse samen f\u00fcr Sprossen oder Microgreens f\u00fcr frisches heimisches Topping oder Ingrediens f\u00fcr Dips und Salate. EU-zertifiziertes Samen.","breadcrumb":{"@id":"https:\/\/freshsprouts.net\/de\/produkt\/bio-kresse-samen-fur-microgreens\/#breadcrumb"},"inLanguage":"de","potentialAction":[{"@type":"ReadAction","target":["https:\/\/freshsprouts.net\/de\/produkt\/bio-kresse-samen-fur-microgreens\/"]}]},{"@type":"ImageObject","inLanguage":"de","@id":"https:\/\/freshsprouts.net\/de\/produkt\/bio-kresse-samen-fur-microgreens\/#primaryimage","url":"https:\/\/freshsprouts.net\/wp-content\/uploads\/2022\/06\/Organic-Cress-seeds-for-Microgreens.jpg","contentUrl":"https:\/\/freshsprouts.net\/wp-content\/uploads\/2022\/06\/Organic-Cress-seeds-for-Microgreens.jpg","width":1000,"height":1000,"caption":"OLYMPUS DIGITAL CAMERA"},{"@type":"BreadcrumbList","@id":"https:\/\/freshsprouts.net\/de\/produkt\/bio-kresse-samen-fur-microgreens\/#breadcrumb","itemListElement":[{"@type":"ListItem","position":1,"name":"Home","item":"https:\/\/freshsprouts.net\/de\/"},{"@type":"ListItem","position":2,"name":"SHOP","item":"https:\/\/freshsprouts.net\/de\/laden\/"},{"@type":"ListItem","position":3,"name":"Bio Kresse samen f\u00fcr Microgreens"}]},{"@type":"WebSite","@id":"https:\/\/freshsprouts.net\/de\/#website","url":"https:\/\/freshsprouts.net\/de\/","name":"FRESH SPROUTS","description":"Grow your Health","publisher":{"@id":"https:\/\/freshsprouts.net\/de\/#organization"},"potentialAction":[{"@type":"SearchAction","target":{"@type":"EntryPoint","urlTemplate":"https:\/\/freshsprouts.net\/de\/?s={search_term_string}"},"query-input":{"@type":"PropertyValueSpecification","valueRequired":true,"valueName":"search_term_string"}}],"inLanguage":"de"},{"@type":"Organization","@id":"https:\/\/freshsprouts.net\/de\/#organization","name":"FRESH SPROUTS","url":"https:\/\/freshsprouts.net\/de\/","logo":{"@type":"ImageObject","inLanguage":"de","@id":"https:\/\/freshsprouts.net\/de\/#\/schema\/logo\/image\/","url":"https:\/\/freshsprouts.net\/wp-content\/uploads\/2017\/05\/Fresh-Sprouts-logo-gray-web-1.png","contentUrl":"https:\/\/freshsprouts.net\/wp-content\/uploads\/2017\/05\/Fresh-Sprouts-logo-gray-web-1.png","width":120,"height":69,"caption":"FRESH SPROUTS"},"image":{"@id":"https:\/\/freshsprouts.net\/de\/#\/schema\/logo\/image\/"},"sameAs":["https:\/\/www.facebook.com\/freshsproutsdenmark\/","https:\/\/www.instagram.com\/fresh_sprouts\/","https:\/\/www.pinterest.dk\/freshsprouts\/"]}]}},"_links":{"self":[{"href":"https:\/\/freshsprouts.net\/de\/wp-json\/wp\/v2\/product\/11986","targetHints":{"allow":["GET"]}}],"collection":[{"href":"https:\/\/freshsprouts.net\/de\/wp-json\/wp\/v2\/product"}],"about":[{"href":"https:\/\/freshsprouts.net\/de\/wp-json\/wp\/v2\/types\/product"}],"replies":[{"embeddable":true,"href":"https:\/\/freshsprouts.net\/de\/wp-json\/wp\/v2\/comments?post=11986"}],"wp:featuredmedia":[{"embeddable":true,"href":"https:\/\/freshsprouts.net\/de\/wp-json\/wp\/v2\/media\/12001"}],"wp:attachment":[{"href":"https:\/\/freshsprouts.net\/de\/wp-json\/wp\/v2\/media?parent=11986"}],"wp:term":[{"taxonomy":"product_brand","embeddable":true,"href":"https:\/\/freshsprouts.net\/de\/wp-json\/wp\/v2\/product_brand?post=11986"},{"taxonomy":"product_cat","embeddable":true,"href":"https:\/\/freshsprouts.net\/de\/wp-json\/wp\/v2\/product_cat?post=11986"},{"taxonomy":"product_tag","embeddable":true,"href":"https:\/\/freshsprouts.net\/de\/wp-json\/wp\/v2\/product_tag?post=11986"},{"taxonomy":"woo-feed-brand","embeddable":true,"href":"https:\/\/freshsprouts.net\/de\/wp-json\/wp\/v2\/woo-feed-brand?post=11986"}],"curies":[{"name":"wp","href":"https:\/\/api.w.org\/{rel}","templated":true}]}}