{"id":12147,"date":"2025-05-01T12:00:52","date_gmt":"2025-05-01T10:00:52","guid":{"rendered":"https:\/\/freshsprouts.net\/?post_type=product&#038;p=12147"},"modified":"2023-02-25T13:39:18","modified_gmt":"2023-02-25T12:39:18","slug":"graines-de-trefle-crimson-bio-pour-microgreens","status":"publish","type":"product","link":"https:\/\/freshsprouts.net\/fr\/produit\/graines-de-trefle-crimson-bio-pour-microgreens\/","title":{"rendered":"Bio graines de Tr\u00e8fle violet pour Microgreens"},"content":{"rendered":"<h2>Bio graines de Tr\u00e8fle violet pour Microgreens<\/h2>\n<p>Ces graines de tr\u00e8fle violet biologique sont faciles \u00e0 cultiver pour obtenir des microgreens dans votre cuisine toute l&#8217;ann\u00e9e. Cette vari\u00e9t\u00e9 de tr\u00e8fle porte le nom latin de Trifolium incarnatum. Le Crimson Clover est \u00e9galement appel\u00e9: Tr\u00e8fle italien.<\/p>\n<h2>Vitamines et min\u00e9raux dans le tr\u00e8fle incarnat<\/h2>\n<p>Les Microgreens de tr\u00e8fle incarnat sont tr\u00e8s nutritifs en min\u00e9raux. Ils contiennent les vitamines: A, B3, C, K et les min\u00e9raux Potassium, Fer, Calcium, Cuivre, Magn\u00e9sium, Zinc, Phosphore, Mangan\u00e8se.<\/p>\n<h2>Racines fines sur tr\u00e8fle<\/h2>\n<p>Le tr\u00e8fle pourpre est plus \u00e9pais et plus robuste que le tr\u00e8fle rouge. Il est toujours bon de rincer votre tr\u00e8fle avec soin pour s&#8217;assurer que les plantes ne se brisent pas. Je vous recommande soit de rincer avec un mince filet d&#8217;eau, soit de mettre un <a href=\"https:\/\/freshsprouts.net\/fr\/produit\/economiseur-deau-robinet-aerateur\/\">a\u00e9rateur<\/a> sur votre robinet d&#8217;eau. Les deux faciliteront le jet d&#8217;eau et att\u00e9nueront la pression sur ces fragiles pousses. Au fur et \u00e0 mesure qu&#8217;ils grandissent ou qu&#8217;ils deviennent des micro pousses, ils seront assez forts pour r\u00e9sister \u00e0 une plus grande pression d&#8217;eau.<\/p>\n<h2>Go\u00fbt et utilisation dans l&#8217;alimentation<\/h2>\n<p>Vos microgreens de Tr\u00e8fle violet cultiv\u00e9s \u00e0 la maison ont un go\u00fbt d\u00e9licieux comme les parties int\u00e9rieures d&#8217;une salade iceberg. Cela vaut aussi bien pour les pousses que pour les micro pousses. Le go\u00fbt doux de la laitue rend ces plantes tr\u00e8s faciles \u00e0 utiliser dans tout plat o\u00f9 vous ressentez le besoin de remplacer les feuilles de salade verte traditionnelles. J&#8217;aime particuli\u00e8rement les utiliser dans les sandwichs, les salades vertes, les dips et les wraps. Mais ils conviennent aussi tr\u00e8s bien comme garniture suppl\u00e9mentaire dans les smoothies ou les jus de fruits.<\/p>\n<h2>Dur\u00e9e de culture des graines de Crimson Clover biologiques pour les microgreens<\/h2>\n<p>Vous pouvez cultiver vos graines de Tr\u00e8fle violet biologique pour obtenir des pousses ou des microgreens. Si la temp\u00e9rature de votre cuisine est de 18-23 \u00b0 C \/ 64-73 \u00b0 F, vos pousses tr\u00e8fle incarnat devraient \u00eatre pr\u00eates \u00e0 \u00eatre r\u00e9colt\u00e9es apr\u00e8s 6 jours de culture. \u00c0 la m\u00eame temp\u00e9rature, ils devraient avoir atteint le stade de micro pousses matures apr\u00e8s un total de 12 jours.<\/p>\n<h2>Dispositif de culture de microgreens Tr\u00e8fle<\/h2>\n<p>Les pousses tr\u00e8fle incarnat peuvent pousser dans n&#8217;importe quel dispositif de germination. Les microgreens de tr\u00e8fle plus longs donneront cependant le meilleur r\u00e9sultat dans un germoir SproutPearl ou un tapis de chanvre. En effet, ces deux m\u00e9thodes permettent aux plantes de b\u00e9n\u00e9ficier d&#8217;un espace suffisant pour se d\u00e9velopper et d&#8217;une ventilation autour des sommets des plantes.<br \/>\nVoir <a href=\"https:\/\/freshsprouts.net\/fr\/produit\/sproutpearl-microgreen-germoir\/\">Germoir SproutPearl<\/a> ou <a href=\"https:\/\/freshsprouts.net\/fr\/produit\/tapis-de-chanvre-biologiques-pourmicro-pousses\/\">Voir Tapis de chanvre<\/a><\/p>\n<h2>Les microgreens ont besoin de lumi\u00e8re et d&#8217;engrais<\/h2>\n<p>Si vous cultivez des microgreens, les plantes ont besoin d&#8217;une lumi\u00e8re artificielle et d&#8217;un engrais suppl\u00e9mentaire d\u00e8s le 7e jour de culture. Sous <a href=\"https:\/\/freshsprouts.net\/fr\/shop\/micro-pousses-kit\/\">MICRO KIT<\/a>, vous trouverez des descriptions sur la bonne quantit\u00e9 de lumi\u00e8re et d&#8217;engrais pour Microgreens lorsque vous utilisez chaque produit. <a href=\"https:\/\/freshsprouts.net\/fr\/shop\/micro-pousses-kit\/\">Visitez Micro Kit<\/a><\/p>\n<p>J&#8217;ai \u00e9galement \u00e9crit diff\u00e9rents articles de blog sur les microgreens. Ils peuvent vous int\u00e9resser et vous donner des conseils pour r\u00e9ussir.<br \/>\n<a href=\"https:\/\/freshsprouts.net\/fr\/blog\/\">Visitez le BLOG<\/a><\/p>\n","protected":false},"excerpt":{"rendered":"<p>Graines de tr\u00e8fle violet biologique pour votre culture de microgreens. Le tr\u00e8fle est tr\u00e8s facile \u00e0 cultiver dans votre cuisine tout au long de l&#8217;ann\u00e9e. Pas besoin de terre.<\/p>\n<p>Vous pouvez cultiver le tr\u00e8fle en microgreens croquants en 12 jours.<\/p>\n<p>Les microgreens Crimson Clover ont le go\u00fbt de la laitue iceberg. Ils sont l\u2019un des pousses les plus riches en pousses vous pouvez cultiver vous-m\u00eame. Ils sont d\u00e9licieux dans les smoothies, les salades, les sandwichs, comme garniture, etc.<\/p>\n<p>4 gr graines s\u2019adaptent \u00e0 1\/2 SproutPearl et donnent 2 pousses<br \/>\nLes graines de 50 gr donnent 50 poign\u00e9es de micro pousses croustillants.<\/p>\n","protected":false},"featured_media":12129,"comment_status":"open","ping_status":"closed","template":"","meta":{"wprm-recipe-roundup-name":"","wprm-recipe-roundup-description":""},"product_brand":[],"product_cat":[2358],"product_tag":[1724,1725,1618,1723,1469,1620,1545,1544,1619,1617,1728,1727,1730,1731,2463,1729],"woo-feed-brand":[590],"class_list":{"0":"post-12147","1":"product","2":"type-product","3":"status-publish","4":"has-post-thumbnail","6":"product_cat-microgreen-graines","7":"product_tag-gout-neutre","8":"product_tag-graines-de-luzerne-biologiques","9":"product_tag-graines-en-germination","10":"product_tag-graines-faciles","11":"product_tag-graines-germees-biologiques","12":"product_tag-graines-germees-microgreen","13":"product_tag-microgreen-fr","14":"product_tag-microgreens-fr","15":"product_tag-organique","16":"product_tag-pousse","17":"product_tag-pousses-trefle","18":"product_tag-trefle","19":"product_tag-trefle-blanc","20":"product_tag-trefle-cramoisi","21":"product_tag-trefle-italien","22":"product_tag-trifolium-pratense-fr","23":"woo-feed-brand-fresh-sprouts","25":"first","26":"instock","27":"taxable","28":"shipping-taxable","29":"purchasable","30":"product-type-variable","31":"has-default-attributes"},"yoast_head":"<!-- This site is optimized with the Yoast SEO plugin v27.5 - https:\/\/yoast.com\/product\/yoast-seo-wordpress\/ -->\n<title>Graines de Tr\u00e8fle cramoisi bio pour vos micro-pousses maison<\/title>\n<meta name=\"description\" content=\"Des graines de Tr\u00e8fle violet biologique pour des pousses ou des micro pousses qui poussent dans votre propre cuisine en une semaine. Pas besoin de terre. Des verdures amusantes et faciles pour vos aliments\" \/>\n<meta name=\"robots\" content=\"index, follow, max-snippet:-1, max-image-preview:large, max-video-preview:-1\" \/>\n<link rel=\"canonical\" href=\"https:\/\/freshsprouts.net\/fr\/produit\/graines-de-trefle-crimson-bio-pour-microgreens\/\" \/>\n<meta property=\"og:locale\" content=\"fr_FR\" \/>\n<meta property=\"og:type\" content=\"article\" \/>\n<meta property=\"og:title\" content=\"Graines de Tr\u00e8fle cramoisi bio pour vos micro-pousses maison\" \/>\n<meta property=\"og:description\" content=\"Des graines de Tr\u00e8fle violet biologique pour des pousses ou des micro pousses qui poussent dans votre propre cuisine en une semaine. Pas besoin de terre. Des verdures amusantes et faciles pour vos aliments\" \/>\n<meta property=\"og:url\" content=\"https:\/\/freshsprouts.net\/fr\/produit\/graines-de-trefle-crimson-bio-pour-microgreens\/\" \/>\n<meta property=\"og:site_name\" content=\"FRESH SPROUTS\" \/>\n<meta property=\"article:publisher\" content=\"https:\/\/www.facebook.com\/freshsproutsdenmark\/\" \/>\n<meta property=\"og:image\" content=\"https:\/\/freshsprouts.net\/wp-content\/uploads\/2020\/05\/Organic-alfalfa-seeds-grown-to-sprouts.jpg\" \/>\n<meta name=\"twitter:card\" content=\"summary_large_image\" \/>\n<meta name=\"twitter:label1\" content=\"Dur\u00e9e de lecture estim\u00e9e\" \/>\n\t<meta name=\"twitter:data1\" content=\"3 minutes\" \/>\n<script type=\"application\/ld+json\" class=\"yoast-schema-graph\">{\"@context\":\"https:\\\/\\\/schema.org\",\"@graph\":[{\"@type\":\"WebPage\",\"@id\":\"https:\\\/\\\/freshsprouts.net\\\/fr\\\/produit\\\/graines-de-trefle-crimson-bio-pour-microgreens\\\/\",\"url\":\"https:\\\/\\\/freshsprouts.net\\\/fr\\\/produit\\\/graines-de-trefle-crimson-bio-pour-microgreens\\\/\",\"name\":\"Graines de Tr\u00e8fle cramoisi bio pour vos micro-pousses maison\",\"isPartOf\":{\"@id\":\"https:\\\/\\\/freshsprouts.net\\\/fr\\\/#website\"},\"primaryImageOfPage\":{\"@id\":\"https:\\\/\\\/freshsprouts.net\\\/fr\\\/produit\\\/graines-de-trefle-crimson-bio-pour-microgreens\\\/#primaryimage\"},\"image\":{\"@id\":\"https:\\\/\\\/freshsprouts.net\\\/fr\\\/produit\\\/graines-de-trefle-crimson-bio-pour-microgreens\\\/#primaryimage\"},\"thumbnailUrl\":\"https:\\\/\\\/freshsprouts.net\\\/wp-content\\\/uploads\\\/2021\\\/09\\\/Organic-Crimson-clover-seeds-for-Microgreens.jpg\",\"datePublished\":\"2025-05-01T10:00:52+00:00\",\"description\":\"Des graines de Tr\u00e8fle violet biologique pour des pousses ou des micro pousses qui poussent dans votre propre cuisine en une semaine. Pas besoin de terre. Des verdures amusantes et faciles pour vos aliments\",\"breadcrumb\":{\"@id\":\"https:\\\/\\\/freshsprouts.net\\\/fr\\\/produit\\\/graines-de-trefle-crimson-bio-pour-microgreens\\\/#breadcrumb\"},\"inLanguage\":\"fr-FR\",\"potentialAction\":[{\"@type\":\"ReadAction\",\"target\":[\"https:\\\/\\\/freshsprouts.net\\\/fr\\\/produit\\\/graines-de-trefle-crimson-bio-pour-microgreens\\\/\"]}]},{\"@type\":\"ImageObject\",\"inLanguage\":\"fr-FR\",\"@id\":\"https:\\\/\\\/freshsprouts.net\\\/fr\\\/produit\\\/graines-de-trefle-crimson-bio-pour-microgreens\\\/#primaryimage\",\"url\":\"https:\\\/\\\/freshsprouts.net\\\/wp-content\\\/uploads\\\/2021\\\/09\\\/Organic-Crimson-clover-seeds-for-Microgreens.jpg\",\"contentUrl\":\"https:\\\/\\\/freshsprouts.net\\\/wp-content\\\/uploads\\\/2021\\\/09\\\/Organic-Crimson-clover-seeds-for-Microgreens.jpg\",\"width\":1000,\"height\":1000,\"caption\":\"OLYMPUS DIGITAL CAMERA\"},{\"@type\":\"BreadcrumbList\",\"@id\":\"https:\\\/\\\/freshsprouts.net\\\/fr\\\/produit\\\/graines-de-trefle-crimson-bio-pour-microgreens\\\/#breadcrumb\",\"itemListElement\":[{\"@type\":\"ListItem\",\"position\":1,\"name\":\"Home\",\"item\":\"https:\\\/\\\/freshsprouts.net\\\/fr\\\/\"},{\"@type\":\"ListItem\",\"position\":2,\"name\":\"BOUTIQUE\",\"item\":\"https:\\\/\\\/freshsprouts.net\\\/fr\\\/boutique\\\/\"},{\"@type\":\"ListItem\",\"position\":3,\"name\":\"Bio graines de Tr\u00e8fle violet pour Microgreens\"}]},{\"@type\":\"WebSite\",\"@id\":\"https:\\\/\\\/freshsprouts.net\\\/fr\\\/#website\",\"url\":\"https:\\\/\\\/freshsprouts.net\\\/fr\\\/\",\"name\":\"FRESH SPROUTS\",\"description\":\"Grow your Health\",\"publisher\":{\"@id\":\"https:\\\/\\\/freshsprouts.net\\\/fr\\\/#organization\"},\"potentialAction\":[{\"@type\":\"SearchAction\",\"target\":{\"@type\":\"EntryPoint\",\"urlTemplate\":\"https:\\\/\\\/freshsprouts.net\\\/fr\\\/?s={search_term_string}\"},\"query-input\":{\"@type\":\"PropertyValueSpecification\",\"valueRequired\":true,\"valueName\":\"search_term_string\"}}],\"inLanguage\":\"fr-FR\"},{\"@type\":\"Organization\",\"@id\":\"https:\\\/\\\/freshsprouts.net\\\/fr\\\/#organization\",\"name\":\"FRESH SPROUTS\",\"url\":\"https:\\\/\\\/freshsprouts.net\\\/fr\\\/\",\"logo\":{\"@type\":\"ImageObject\",\"inLanguage\":\"fr-FR\",\"@id\":\"https:\\\/\\\/freshsprouts.net\\\/fr\\\/#\\\/schema\\\/logo\\\/image\\\/\",\"url\":\"https:\\\/\\\/freshsprouts.net\\\/wp-content\\\/uploads\\\/2017\\\/05\\\/Fresh-Sprouts-logo-gray-web-1.png\",\"contentUrl\":\"https:\\\/\\\/freshsprouts.net\\\/wp-content\\\/uploads\\\/2017\\\/05\\\/Fresh-Sprouts-logo-gray-web-1.png\",\"width\":120,\"height\":69,\"caption\":\"FRESH SPROUTS\"},\"image\":{\"@id\":\"https:\\\/\\\/freshsprouts.net\\\/fr\\\/#\\\/schema\\\/logo\\\/image\\\/\"},\"sameAs\":[\"https:\\\/\\\/www.facebook.com\\\/freshsproutsdenmark\\\/\",\"https:\\\/\\\/www.instagram.com\\\/fresh_sprouts\\\/\",\"https:\\\/\\\/www.pinterest.dk\\\/freshsprouts\\\/\"]}]}<\/script>\n<!-- \/ Yoast SEO plugin. -->","yoast_head_json":{"title":"Graines de Tr\u00e8fle cramoisi bio pour vos micro-pousses maison","description":"Des graines de Tr\u00e8fle violet biologique pour des pousses ou des micro pousses qui poussent dans votre propre cuisine en une semaine. Pas besoin de terre. Des verdures amusantes et faciles pour vos aliments","robots":{"index":"index","follow":"follow","max-snippet":"max-snippet:-1","max-image-preview":"max-image-preview:large","max-video-preview":"max-video-preview:-1"},"canonical":"https:\/\/freshsprouts.net\/fr\/produit\/graines-de-trefle-crimson-bio-pour-microgreens\/","og_locale":"fr_FR","og_type":"article","og_title":"Graines de Tr\u00e8fle cramoisi bio pour vos micro-pousses maison","og_description":"Des graines de Tr\u00e8fle violet biologique pour des pousses ou des micro pousses qui poussent dans votre propre cuisine en une semaine. Pas besoin de terre. Des verdures amusantes et faciles pour vos aliments","og_url":"https:\/\/freshsprouts.net\/fr\/produit\/graines-de-trefle-crimson-bio-pour-microgreens\/","og_site_name":"FRESH SPROUTS","article_publisher":"https:\/\/www.facebook.com\/freshsproutsdenmark\/","og_image":[{"url":"https:\/\/freshsprouts.net\/wp-content\/uploads\/2020\/05\/Organic-alfalfa-seeds-grown-to-sprouts.jpg","type":"","width":"","height":""}],"twitter_card":"summary_large_image","twitter_misc":{"Dur\u00e9e de lecture estim\u00e9e":"3 minutes"},"schema":{"@context":"https:\/\/schema.org","@graph":[{"@type":"WebPage","@id":"https:\/\/freshsprouts.net\/fr\/produit\/graines-de-trefle-crimson-bio-pour-microgreens\/","url":"https:\/\/freshsprouts.net\/fr\/produit\/graines-de-trefle-crimson-bio-pour-microgreens\/","name":"Graines de Tr\u00e8fle cramoisi bio pour vos micro-pousses maison","isPartOf":{"@id":"https:\/\/freshsprouts.net\/fr\/#website"},"primaryImageOfPage":{"@id":"https:\/\/freshsprouts.net\/fr\/produit\/graines-de-trefle-crimson-bio-pour-microgreens\/#primaryimage"},"image":{"@id":"https:\/\/freshsprouts.net\/fr\/produit\/graines-de-trefle-crimson-bio-pour-microgreens\/#primaryimage"},"thumbnailUrl":"https:\/\/freshsprouts.net\/wp-content\/uploads\/2021\/09\/Organic-Crimson-clover-seeds-for-Microgreens.jpg","datePublished":"2025-05-01T10:00:52+00:00","description":"Des graines de Tr\u00e8fle violet biologique pour des pousses ou des micro pousses qui poussent dans votre propre cuisine en une semaine. Pas besoin de terre. Des verdures amusantes et faciles pour vos aliments","breadcrumb":{"@id":"https:\/\/freshsprouts.net\/fr\/produit\/graines-de-trefle-crimson-bio-pour-microgreens\/#breadcrumb"},"inLanguage":"fr-FR","potentialAction":[{"@type":"ReadAction","target":["https:\/\/freshsprouts.net\/fr\/produit\/graines-de-trefle-crimson-bio-pour-microgreens\/"]}]},{"@type":"ImageObject","inLanguage":"fr-FR","@id":"https:\/\/freshsprouts.net\/fr\/produit\/graines-de-trefle-crimson-bio-pour-microgreens\/#primaryimage","url":"https:\/\/freshsprouts.net\/wp-content\/uploads\/2021\/09\/Organic-Crimson-clover-seeds-for-Microgreens.jpg","contentUrl":"https:\/\/freshsprouts.net\/wp-content\/uploads\/2021\/09\/Organic-Crimson-clover-seeds-for-Microgreens.jpg","width":1000,"height":1000,"caption":"OLYMPUS DIGITAL CAMERA"},{"@type":"BreadcrumbList","@id":"https:\/\/freshsprouts.net\/fr\/produit\/graines-de-trefle-crimson-bio-pour-microgreens\/#breadcrumb","itemListElement":[{"@type":"ListItem","position":1,"name":"Home","item":"https:\/\/freshsprouts.net\/fr\/"},{"@type":"ListItem","position":2,"name":"BOUTIQUE","item":"https:\/\/freshsprouts.net\/fr\/boutique\/"},{"@type":"ListItem","position":3,"name":"Bio graines de Tr\u00e8fle violet pour Microgreens"}]},{"@type":"WebSite","@id":"https:\/\/freshsprouts.net\/fr\/#website","url":"https:\/\/freshsprouts.net\/fr\/","name":"FRESH SPROUTS","description":"Grow your Health","publisher":{"@id":"https:\/\/freshsprouts.net\/fr\/#organization"},"potentialAction":[{"@type":"SearchAction","target":{"@type":"EntryPoint","urlTemplate":"https:\/\/freshsprouts.net\/fr\/?s={search_term_string}"},"query-input":{"@type":"PropertyValueSpecification","valueRequired":true,"valueName":"search_term_string"}}],"inLanguage":"fr-FR"},{"@type":"Organization","@id":"https:\/\/freshsprouts.net\/fr\/#organization","name":"FRESH SPROUTS","url":"https:\/\/freshsprouts.net\/fr\/","logo":{"@type":"ImageObject","inLanguage":"fr-FR","@id":"https:\/\/freshsprouts.net\/fr\/#\/schema\/logo\/image\/","url":"https:\/\/freshsprouts.net\/wp-content\/uploads\/2017\/05\/Fresh-Sprouts-logo-gray-web-1.png","contentUrl":"https:\/\/freshsprouts.net\/wp-content\/uploads\/2017\/05\/Fresh-Sprouts-logo-gray-web-1.png","width":120,"height":69,"caption":"FRESH SPROUTS"},"image":{"@id":"https:\/\/freshsprouts.net\/fr\/#\/schema\/logo\/image\/"},"sameAs":["https:\/\/www.facebook.com\/freshsproutsdenmark\/","https:\/\/www.instagram.com\/fresh_sprouts\/","https:\/\/www.pinterest.dk\/freshsprouts\/"]}]}},"_links":{"self":[{"href":"https:\/\/freshsprouts.net\/fr\/wp-json\/wp\/v2\/product\/12147","targetHints":{"allow":["GET"]}}],"collection":[{"href":"https:\/\/freshsprouts.net\/fr\/wp-json\/wp\/v2\/product"}],"about":[{"href":"https:\/\/freshsprouts.net\/fr\/wp-json\/wp\/v2\/types\/product"}],"replies":[{"embeddable":true,"href":"https:\/\/freshsprouts.net\/fr\/wp-json\/wp\/v2\/comments?post=12147"}],"wp:featuredmedia":[{"embeddable":true,"href":"https:\/\/freshsprouts.net\/fr\/wp-json\/wp\/v2\/media\/12129"}],"wp:attachment":[{"href":"https:\/\/freshsprouts.net\/fr\/wp-json\/wp\/v2\/media?parent=12147"}],"wp:term":[{"taxonomy":"product_brand","embeddable":true,"href":"https:\/\/freshsprouts.net\/fr\/wp-json\/wp\/v2\/product_brand?post=12147"},{"taxonomy":"product_cat","embeddable":true,"href":"https:\/\/freshsprouts.net\/fr\/wp-json\/wp\/v2\/product_cat?post=12147"},{"taxonomy":"product_tag","embeddable":true,"href":"https:\/\/freshsprouts.net\/fr\/wp-json\/wp\/v2\/product_tag?post=12147"},{"taxonomy":"woo-feed-brand","embeddable":true,"href":"https:\/\/freshsprouts.net\/fr\/wp-json\/wp\/v2\/woo-feed-brand?post=12147"}],"curies":[{"name":"wp","href":"https:\/\/api.w.org\/{rel}","templated":true}]}}