{"id":8492,"date":"2023-09-10T00:15:22","date_gmt":"2023-09-09T22:15:22","guid":{"rendered":"https:\/\/freshsprouts.net\/product\/kit-de-germoir-pot-en-verre-avec-pot-de-pousses-graines-eponge-livre\/"},"modified":"2025-09-03T13:23:20","modified_gmt":"2025-09-03T11:23:20","slug":"kit-de-germination-pot","status":"publish","type":"product","link":"https:\/\/freshsprouts.net\/fr\/produit\/kit-de-germination-pot\/","title":{"rendered":"Kit de germoir pot en verre avec pot de pousses + graines + \u00e9ponge + livre"},"content":{"rendered":"<h2>KIT DE GERMOIR POT EN VERRE<\/h2>\n<p>Kit de germoir pot en verre est un kit de germination pour vous donner un bon d\u00e9part avec vos sprouts et microgreens cultiv\u00e9s localement. Ce kit vous offre un beau petit jardin de pousses ou un cadeau doux et vert pour un \u00eatre cher.<\/p>\n<p>Le forfait vous donne:<br \/>\n1 pot de germination complet (y compris pot en verre, couvercle en m\u00e9tal, plateau en c\u00e9ramique, support en m\u00e9tal)<br \/>\n3 portions de sacs de graines germ\u00e9es biologiques<br \/>\n1 \u00e9ponge de nettoyage de cellulose biod\u00e9gradable<br \/>\n1 livre imprim\u00e9 de 100 pages de A \u00e0 Z sur la culture des pousses et des microgreens<\/p>\n<p>Le forfait comprend un court manuel en anglais pour votre d\u00e9marrage rapide.<\/p>\n<p>Vous pouvez choisir les sacs de graines germ\u00e9s pour l\u2019emballage ci-dessous.<br \/>\n<a href=\"https:\/\/freshsprouts.net\/fr\/produit\/sacs-de-portions-de-graines-germees\/\" target=\"_blank\" rel=\"noopener\">Souhaitez-vous plus de graines? Vous pouvez les trouver ici &gt;<\/a><\/p>\n","protected":false},"excerpt":{"rendered":"<p>Kit de germoir pot en verre est un kit de germination pour vous donner un bon d\u00e9part avec vos sprouts et microgreens cultiv\u00e9s localement. Ce kit vous offre un beau petit jardin de pousses ou un cadeau doux et vert pour un \u00eatre cher.<\/p>\n<p>Le forfait vous donne:<br \/>\n1 pot de germination complet (y compris pot en verre, couvercle en m\u00e9tal, plateau en c\u00e9ramique, support en m\u00e9tal)<br \/>\n3 portions de sacs de graines germ\u00e9es biologiques<br \/>\n1 \u00e9ponge de nettoyage de cellulose biod\u00e9gradable<br \/>\n1 livre imprim\u00e9 de 100 pages de A \u00e0 Z sur la culture des pousses et des microgreens<\/p>\n<p>Le forfait comprend un court manuel en anglais pour votre d\u00e9marrage rapide.<\/p>\n<p>Vous pouvez choisir les sacs de graines germ\u00e9s pour l\u2019emballage ci-dessous.<br \/>\n<a href=\"https:\/\/freshsprouts.net\/product\/organic-microgreen-seeds\/\" target=\"_blank\" rel=\"noopener\">Souhaitez-vous plus de graines? Vous pouvez les trouver ici &gt;<\/a><\/p>\n","protected":false},"featured_media":8047,"comment_status":"open","ping_status":"closed","template":"","meta":{"wprm-recipe-roundup-name":"","wprm-recipe-roundup-description":""},"product_brand":[],"product_cat":[1191],"product_tag":[1554,1550,1551,1475,1473,1471,1477,1223,1553,1199,1552],"woo-feed-brand":[590],"class_list":{"0":"post-8492","1":"product","2":"type-product","3":"status-publish","4":"has-post-thumbnail","6":"product_cat-kits","7":"product_tag-bavicchi-fr","8":"product_tag-geo-fr","9":"product_tag-jarre","10":"product_tag-kit-de-demarrage-fr","11":"product_tag-kit-de-demarrage","12":"product_tag-kit-de-graines-germees","13":"product_tag-kit-de-pousses-fr","14":"product_tag-pot-de-germes","15":"product_tag-pot-de-germination","16":"product_tag-sprouter-fr","17":"product_tag-verre-germe","18":"woo-feed-brand-fresh-sprouts","20":"first","21":"instock","22":"taxable","23":"shipping-taxable","24":"purchasable","25":"product-type-variable"},"yoast_head":"<!-- This site is optimized with the Yoast SEO plugin v27.5 - https:\/\/yoast.com\/product\/yoast-seo-wordpress\/ -->\n<title>Kit de verre germ\u00e9 avec graines germ\u00e9es biologique + \u00e9ponge de nettoyage bio-friendly<\/title>\n<meta name=\"description\" content=\"Kit de germination GEO Sprout Jar avec et 3 sachets de graines germ\u00e9es biologique pour vos pousses et micro pousse pleins de nutriments naturels.\" \/>\n<meta name=\"robots\" content=\"index, follow, max-snippet:-1, max-image-preview:large, max-video-preview:-1\" \/>\n<link rel=\"canonical\" href=\"https:\/\/freshsprouts.net\/fr\/produit\/kit-de-germination-pot\/\" \/>\n<meta property=\"og:locale\" content=\"fr_FR\" \/>\n<meta property=\"og:type\" content=\"article\" \/>\n<meta property=\"og:title\" content=\"Kit de verre germ\u00e9 avec graines germ\u00e9es biologique + \u00e9ponge de nettoyage bio-friendly\" \/>\n<meta property=\"og:description\" content=\"Kit de germination GEO Sprout Jar avec et 3 sachets de graines germ\u00e9es biologique pour vos pousses et micro pousse pleins de nutriments naturels.\" \/>\n<meta property=\"og:url\" content=\"https:\/\/freshsprouts.net\/fr\/produit\/kit-de-germination-pot\/\" \/>\n<meta property=\"og:site_name\" content=\"FRESH SPROUTS\" \/>\n<meta property=\"article:publisher\" content=\"https:\/\/www.facebook.com\/freshsproutsdenmark\/\" \/>\n<meta property=\"article:modified_time\" content=\"2025-09-03T11:23:20+00:00\" \/>\n<meta property=\"og:image\" content=\"https:\/\/freshsprouts.net\/wp-content\/uploads\/2021\/09\/Sprouting-Jar-Kit-a-complete-sprouting-kit-.jpeg\" \/>\n\t<meta property=\"og:image:width\" content=\"2289\" \/>\n\t<meta property=\"og:image:height\" content=\"2289\" \/>\n\t<meta property=\"og:image:type\" content=\"image\/jpeg\" \/>\n<meta name=\"twitter:card\" content=\"summary_large_image\" \/>\n<meta name=\"twitter:label1\" content=\"Dur\u00e9e de lecture estim\u00e9e\" \/>\n\t<meta name=\"twitter:data1\" content=\"1 minute\" \/>\n<script type=\"application\/ld+json\" class=\"yoast-schema-graph\">{\"@context\":\"https:\\\/\\\/schema.org\",\"@graph\":[{\"@type\":\"WebPage\",\"@id\":\"https:\\\/\\\/freshsprouts.net\\\/fr\\\/produit\\\/kit-de-germination-pot\\\/\",\"url\":\"https:\\\/\\\/freshsprouts.net\\\/fr\\\/produit\\\/kit-de-germination-pot\\\/\",\"name\":\"Kit de verre germ\u00e9 avec graines germ\u00e9es biologique + \u00e9ponge de nettoyage bio-friendly\",\"isPartOf\":{\"@id\":\"https:\\\/\\\/freshsprouts.net\\\/fr\\\/#website\"},\"primaryImageOfPage\":{\"@id\":\"https:\\\/\\\/freshsprouts.net\\\/fr\\\/produit\\\/kit-de-germination-pot\\\/#primaryimage\"},\"image\":{\"@id\":\"https:\\\/\\\/freshsprouts.net\\\/fr\\\/produit\\\/kit-de-germination-pot\\\/#primaryimage\"},\"thumbnailUrl\":\"https:\\\/\\\/freshsprouts.net\\\/wp-content\\\/uploads\\\/2021\\\/09\\\/Sprouting-Jar-Kit-a-complete-sprouting-kit-.jpeg\",\"datePublished\":\"2023-09-09T22:15:22+00:00\",\"dateModified\":\"2025-09-03T11:23:20+00:00\",\"description\":\"Kit de germination GEO Sprout Jar avec et 3 sachets de graines germ\u00e9es biologique pour vos pousses et micro pousse pleins de nutriments naturels.\",\"breadcrumb\":{\"@id\":\"https:\\\/\\\/freshsprouts.net\\\/fr\\\/produit\\\/kit-de-germination-pot\\\/#breadcrumb\"},\"inLanguage\":\"fr-FR\",\"potentialAction\":[{\"@type\":\"ReadAction\",\"target\":[\"https:\\\/\\\/freshsprouts.net\\\/fr\\\/produit\\\/kit-de-germination-pot\\\/\"]}]},{\"@type\":\"ImageObject\",\"inLanguage\":\"fr-FR\",\"@id\":\"https:\\\/\\\/freshsprouts.net\\\/fr\\\/produit\\\/kit-de-germination-pot\\\/#primaryimage\",\"url\":\"https:\\\/\\\/freshsprouts.net\\\/wp-content\\\/uploads\\\/2021\\\/09\\\/Sprouting-Jar-Kit-a-complete-sprouting-kit-.jpeg\",\"contentUrl\":\"https:\\\/\\\/freshsprouts.net\\\/wp-content\\\/uploads\\\/2021\\\/09\\\/Sprouting-Jar-Kit-a-complete-sprouting-kit-.jpeg\",\"width\":2289,\"height\":2289,\"caption\":\"kit de pot de germination un kit de germination complet\"},{\"@type\":\"BreadcrumbList\",\"@id\":\"https:\\\/\\\/freshsprouts.net\\\/fr\\\/produit\\\/kit-de-germination-pot\\\/#breadcrumb\",\"itemListElement\":[{\"@type\":\"ListItem\",\"position\":1,\"name\":\"Home\",\"item\":\"https:\\\/\\\/freshsprouts.net\\\/fr\\\/\"},{\"@type\":\"ListItem\",\"position\":2,\"name\":\"BOUTIQUE\",\"item\":\"https:\\\/\\\/freshsprouts.net\\\/fr\\\/boutique\\\/\"},{\"@type\":\"ListItem\",\"position\":3,\"name\":\"Kit de germoir pot en verre avec pot de pousses + graines + \u00e9ponge + livre\"}]},{\"@type\":\"WebSite\",\"@id\":\"https:\\\/\\\/freshsprouts.net\\\/fr\\\/#website\",\"url\":\"https:\\\/\\\/freshsprouts.net\\\/fr\\\/\",\"name\":\"FRESH SPROUTS\",\"description\":\"Grow your Health\",\"publisher\":{\"@id\":\"https:\\\/\\\/freshsprouts.net\\\/fr\\\/#organization\"},\"potentialAction\":[{\"@type\":\"SearchAction\",\"target\":{\"@type\":\"EntryPoint\",\"urlTemplate\":\"https:\\\/\\\/freshsprouts.net\\\/fr\\\/?s={search_term_string}\"},\"query-input\":{\"@type\":\"PropertyValueSpecification\",\"valueRequired\":true,\"valueName\":\"search_term_string\"}}],\"inLanguage\":\"fr-FR\"},{\"@type\":\"Organization\",\"@id\":\"https:\\\/\\\/freshsprouts.net\\\/fr\\\/#organization\",\"name\":\"FRESH SPROUTS\",\"url\":\"https:\\\/\\\/freshsprouts.net\\\/fr\\\/\",\"logo\":{\"@type\":\"ImageObject\",\"inLanguage\":\"fr-FR\",\"@id\":\"https:\\\/\\\/freshsprouts.net\\\/fr\\\/#\\\/schema\\\/logo\\\/image\\\/\",\"url\":\"https:\\\/\\\/freshsprouts.net\\\/wp-content\\\/uploads\\\/2017\\\/05\\\/Fresh-Sprouts-logo-gray-web-1.png\",\"contentUrl\":\"https:\\\/\\\/freshsprouts.net\\\/wp-content\\\/uploads\\\/2017\\\/05\\\/Fresh-Sprouts-logo-gray-web-1.png\",\"width\":120,\"height\":69,\"caption\":\"FRESH SPROUTS\"},\"image\":{\"@id\":\"https:\\\/\\\/freshsprouts.net\\\/fr\\\/#\\\/schema\\\/logo\\\/image\\\/\"},\"sameAs\":[\"https:\\\/\\\/www.facebook.com\\\/freshsproutsdenmark\\\/\",\"https:\\\/\\\/www.instagram.com\\\/fresh_sprouts\\\/\",\"https:\\\/\\\/www.pinterest.dk\\\/freshsprouts\\\/\"]}]}<\/script>\n<!-- \/ Yoast SEO plugin. -->","yoast_head_json":{"title":"Kit de verre germ\u00e9 avec graines germ\u00e9es biologique + \u00e9ponge de nettoyage bio-friendly","description":"Kit de germination GEO Sprout Jar avec et 3 sachets de graines germ\u00e9es biologique pour vos pousses et micro pousse pleins de nutriments naturels.","robots":{"index":"index","follow":"follow","max-snippet":"max-snippet:-1","max-image-preview":"max-image-preview:large","max-video-preview":"max-video-preview:-1"},"canonical":"https:\/\/freshsprouts.net\/fr\/produit\/kit-de-germination-pot\/","og_locale":"fr_FR","og_type":"article","og_title":"Kit de verre germ\u00e9 avec graines germ\u00e9es biologique + \u00e9ponge de nettoyage bio-friendly","og_description":"Kit de germination GEO Sprout Jar avec et 3 sachets de graines germ\u00e9es biologique pour vos pousses et micro pousse pleins de nutriments naturels.","og_url":"https:\/\/freshsprouts.net\/fr\/produit\/kit-de-germination-pot\/","og_site_name":"FRESH SPROUTS","article_publisher":"https:\/\/www.facebook.com\/freshsproutsdenmark\/","article_modified_time":"2025-09-03T11:23:20+00:00","og_image":[{"width":2289,"height":2289,"url":"https:\/\/freshsprouts.net\/wp-content\/uploads\/2021\/09\/Sprouting-Jar-Kit-a-complete-sprouting-kit-.jpeg","type":"image\/jpeg"}],"twitter_card":"summary_large_image","twitter_misc":{"Dur\u00e9e de lecture estim\u00e9e":"1 minute"},"schema":{"@context":"https:\/\/schema.org","@graph":[{"@type":"WebPage","@id":"https:\/\/freshsprouts.net\/fr\/produit\/kit-de-germination-pot\/","url":"https:\/\/freshsprouts.net\/fr\/produit\/kit-de-germination-pot\/","name":"Kit de verre germ\u00e9 avec graines germ\u00e9es biologique + \u00e9ponge de nettoyage bio-friendly","isPartOf":{"@id":"https:\/\/freshsprouts.net\/fr\/#website"},"primaryImageOfPage":{"@id":"https:\/\/freshsprouts.net\/fr\/produit\/kit-de-germination-pot\/#primaryimage"},"image":{"@id":"https:\/\/freshsprouts.net\/fr\/produit\/kit-de-germination-pot\/#primaryimage"},"thumbnailUrl":"https:\/\/freshsprouts.net\/wp-content\/uploads\/2021\/09\/Sprouting-Jar-Kit-a-complete-sprouting-kit-.jpeg","datePublished":"2023-09-09T22:15:22+00:00","dateModified":"2025-09-03T11:23:20+00:00","description":"Kit de germination GEO Sprout Jar avec et 3 sachets de graines germ\u00e9es biologique pour vos pousses et micro pousse pleins de nutriments naturels.","breadcrumb":{"@id":"https:\/\/freshsprouts.net\/fr\/produit\/kit-de-germination-pot\/#breadcrumb"},"inLanguage":"fr-FR","potentialAction":[{"@type":"ReadAction","target":["https:\/\/freshsprouts.net\/fr\/produit\/kit-de-germination-pot\/"]}]},{"@type":"ImageObject","inLanguage":"fr-FR","@id":"https:\/\/freshsprouts.net\/fr\/produit\/kit-de-germination-pot\/#primaryimage","url":"https:\/\/freshsprouts.net\/wp-content\/uploads\/2021\/09\/Sprouting-Jar-Kit-a-complete-sprouting-kit-.jpeg","contentUrl":"https:\/\/freshsprouts.net\/wp-content\/uploads\/2021\/09\/Sprouting-Jar-Kit-a-complete-sprouting-kit-.jpeg","width":2289,"height":2289,"caption":"kit de pot de germination un kit de germination complet"},{"@type":"BreadcrumbList","@id":"https:\/\/freshsprouts.net\/fr\/produit\/kit-de-germination-pot\/#breadcrumb","itemListElement":[{"@type":"ListItem","position":1,"name":"Home","item":"https:\/\/freshsprouts.net\/fr\/"},{"@type":"ListItem","position":2,"name":"BOUTIQUE","item":"https:\/\/freshsprouts.net\/fr\/boutique\/"},{"@type":"ListItem","position":3,"name":"Kit de germoir pot en verre avec pot de pousses + graines + \u00e9ponge + livre"}]},{"@type":"WebSite","@id":"https:\/\/freshsprouts.net\/fr\/#website","url":"https:\/\/freshsprouts.net\/fr\/","name":"FRESH SPROUTS","description":"Grow your Health","publisher":{"@id":"https:\/\/freshsprouts.net\/fr\/#organization"},"potentialAction":[{"@type":"SearchAction","target":{"@type":"EntryPoint","urlTemplate":"https:\/\/freshsprouts.net\/fr\/?s={search_term_string}"},"query-input":{"@type":"PropertyValueSpecification","valueRequired":true,"valueName":"search_term_string"}}],"inLanguage":"fr-FR"},{"@type":"Organization","@id":"https:\/\/freshsprouts.net\/fr\/#organization","name":"FRESH SPROUTS","url":"https:\/\/freshsprouts.net\/fr\/","logo":{"@type":"ImageObject","inLanguage":"fr-FR","@id":"https:\/\/freshsprouts.net\/fr\/#\/schema\/logo\/image\/","url":"https:\/\/freshsprouts.net\/wp-content\/uploads\/2017\/05\/Fresh-Sprouts-logo-gray-web-1.png","contentUrl":"https:\/\/freshsprouts.net\/wp-content\/uploads\/2017\/05\/Fresh-Sprouts-logo-gray-web-1.png","width":120,"height":69,"caption":"FRESH SPROUTS"},"image":{"@id":"https:\/\/freshsprouts.net\/fr\/#\/schema\/logo\/image\/"},"sameAs":["https:\/\/www.facebook.com\/freshsproutsdenmark\/","https:\/\/www.instagram.com\/fresh_sprouts\/","https:\/\/www.pinterest.dk\/freshsprouts\/"]}]}},"_links":{"self":[{"href":"https:\/\/freshsprouts.net\/fr\/wp-json\/wp\/v2\/product\/8492","targetHints":{"allow":["GET"]}}],"collection":[{"href":"https:\/\/freshsprouts.net\/fr\/wp-json\/wp\/v2\/product"}],"about":[{"href":"https:\/\/freshsprouts.net\/fr\/wp-json\/wp\/v2\/types\/product"}],"replies":[{"embeddable":true,"href":"https:\/\/freshsprouts.net\/fr\/wp-json\/wp\/v2\/comments?post=8492"}],"wp:featuredmedia":[{"embeddable":true,"href":"https:\/\/freshsprouts.net\/fr\/wp-json\/wp\/v2\/media\/8047"}],"wp:attachment":[{"href":"https:\/\/freshsprouts.net\/fr\/wp-json\/wp\/v2\/media?parent=8492"}],"wp:term":[{"taxonomy":"product_brand","embeddable":true,"href":"https:\/\/freshsprouts.net\/fr\/wp-json\/wp\/v2\/product_brand?post=8492"},{"taxonomy":"product_cat","embeddable":true,"href":"https:\/\/freshsprouts.net\/fr\/wp-json\/wp\/v2\/product_cat?post=8492"},{"taxonomy":"product_tag","embeddable":true,"href":"https:\/\/freshsprouts.net\/fr\/wp-json\/wp\/v2\/product_tag?post=8492"},{"taxonomy":"woo-feed-brand","embeddable":true,"href":"https:\/\/freshsprouts.net\/fr\/wp-json\/wp\/v2\/woo-feed-brand?post=8492"}],"curies":[{"name":"wp","href":"https:\/\/api.w.org\/{rel}","templated":true}]}}