{"id":8869,"date":"2023-09-10T20:00:17","date_gmt":"2023-09-10T18:00:17","guid":{"rendered":"https:\/\/freshsprouts.net\/product\/aerateur-de-robinet-a-economie-deau\/"},"modified":"2025-11-03T09:18:58","modified_gmt":"2025-11-03T08:18:58","slug":"economiseur-deau-robinet-aerateur","status":"publish","type":"product","link":"https:\/\/freshsprouts.net\/fr\/produit\/economiseur-deau-robinet-aerateur\/","title":{"rendered":"A\u00e9rateur de robinet \u00e0 \u00e9conomie d\u2019eau"},"content":{"rendered":"<h2>A\u00c9RATEUR DE ROBINET \u00c0 \u00c9CONOMIE D\u2019EAU<\/h2>\n<p>L\u2019a\u00e9rateur de robinet \u00e0 \u00e9conomie d\u2019eau est un adaptateur pour votre robinet de cuisine. C\u2019est intelligent, car cela vous permet d\u2019adapter le jet d\u2019eau du robinet de la cuisine pour \u00eatre collect\u00e9 ou r\u00e9parti en plusieurs jets minces. De cette fa\u00e7on, vos pousses et micro-pousses ne seront pas bris\u00e9s par des jets d\u2019eau trop durs ou par des \u00e9claboussures d\u2019eau du robinet lorsque vous rincez vos sprouts.<\/p>\n<h3>TYPE DE FILETAGE ET TAILLE DE FILETAGE<\/h3>\n<p>Les deux couleurs de l\u2019a\u00e9rateur de robinet \u00e9conomiseur d\u2019eau sont de la m\u00eame taille. Ils s\u2019adaptent aux robinets de cuisine qui suivent les normes \u00e9tablies par l\u2019UE. Cependant, c\u2019est une bonne id\u00e9e de mesurer la taille du fil sur votre robinet, avant d\u2019acheter votre nouveau pivot d\u2019eau d\u2019a\u00e9rateur. De cette fa\u00e7on, vous \u00eates s\u00fbr qu\u2019il s\u2019adapte \u00e0 votre robinet de cuisine.<\/p>\n<p>La taille du filetage ext\u00e9rieur doit \u00eatre: 2,1 cm<br \/>\nLa taille du filetage int\u00e9rieur doit \u00eatre: 2,3 cm<\/p>\n<p>La plupart des robinets sont fabriqu\u00e9s avec des filetages externes &#8211; des robinets o\u00f9 il y a un fil \u00e0 l\u2019ext\u00e9rieur du robinet lui-m\u00eame. Il y a un adaptateur de filetage l\u00e2che pour le produit dans l\u2019emballage, donc si vous avez un filetage interne, l\u2019a\u00e9rateur peut toujours \u00eatre install\u00e9.<\/p>\n<h3>ROTULE ROTATIVE \u00c0 360 DEGR\u00c9S<\/h3>\n<p>L\u2019a\u00e9rateur de robinet \u00e0 \u00e9conomie d\u2019eau peut pivoter \u00e0 360 degr\u00e9s autour de sa rotule dans toutes les directions. Cela vous permet d\u2019ajuster facilement le d\u00e9bit d\u2019eau, de sorte qu\u2019il peut rincer vos sprouts ou microgreens \u00e0 l\u2019angle que vous voulez pour la t\u00e2che. Il est \u00e9galement intelligent dans votre lavage quotidien de la vaisselle. Par cons\u00e9quent, laissez simplement l\u2019a\u00e9rateur sur le robinet de la cuisine. Le jet d\u2019eau total est plus rempli d\u2019air que votre jet d\u2019eau normal du robinet, de sorte qu\u2019il peut \u00e9conomiser un peu sur l\u2019eau dans la vie quotidienne.<\/p>\n<h3>INSTALLATION DE VOTRE NOUVEAU PIVOT D\u2019EAU<\/h3>\n<p>Le pivot d\u2019eau est un pivot de filtre facile \u00e0 visser \u00e0 la main sur votre robinet de cuisine. Vous aurez peut-\u00eatre besoin d\u2019outils pour d\u00e9visser votre a\u00e9rateur actuel du robinet, ou vous devrez peut-\u00eatre nettoyer la vieille chaux du filetage. Mais ensuite, il est facile de visser le nouvel a\u00e9rateur.<\/p>\n<h3>NETTOYAGE DE L\u2019A\u00c9RATEUR DE ROBINET \u00c9CONOMISEUR D\u2019EAU<\/h3>\n<p>Vous pouvez nettoyer les deux versions de l\u2019a\u00e9rateur avec un dissolvant de chaux doux et liquide con\u00e7u pour les mashines de caf\u00e9. N\u2019utilisez pas de dissolvants \u00e0 la chaux dure ou d\u2019autres types de produits chimiques agressifs pour l\u2019a\u00e9rateur, car le chromage peut se d\u00e9colorer.<\/p>\n<h3>A\u00c9RATEUR CERTIFI\u00c9 PAR L\u2019UE<\/h3>\n<p>Le robinet de cuisine pivotant est produit en Allemagne. Il est approuv\u00e9 pour les robinets de cuisine conform\u00e9ment aux r\u00e8gles de l\u2019UE pour les adaptateurs d\u2019eau potable et le contact alimentaire.<\/p>\n","protected":false},"excerpt":{"rendered":"<p>Lorsque vous rincez vos pousses et micro-pousses avec des rayons d\u2019eau doux, les plantes vont prosp\u00e9rer. L\u2019a\u00e9rateur de robinet \u00e9conomiseur d\u2019eau vous permet d\u2019adapter le d\u00e9bit d\u2019eau \u00e0 un seul jet pour les graines et les pousses de l\u00e9gumineuses. Je vous laisse \u00e9galement changer les rayons en jets doux et d\u00e9vi\u00e9s pour les pousses et les micro-pousses avec des feuilles. Il vous suffit d\u2019ajuster le d\u00e9bit en appuyant ou en tirant sur la partie inf\u00e9rieure du pivot.<\/p>\n<p>Les deux variantes sont fabriqu\u00e9es selon la norme europ\u00e9enne pour les robinets de cuisine. Mais s\u2019il vous pla\u00eet mesurer votre propre robinet pour vous assurer qu\u2019il s\u2019adapte. La taille de votre robinet doit \u00eatre:<br \/>\nSi le filetage ext\u00e9rieur doit \u00eatre de 2,1 cm.<br \/>\nSi le filetage interne doit \u00eatre de 2,3 cm.<br \/>\nUn insert pour filetage interne \/ externe est inclus dans l\u2019achat.<\/p>\n<p>La version blanche \/ chrome est faite de plastique dur et blanc avec une t\u00eate en laiton chrom\u00e9. La version blanche\/ blanche est enti\u00e8rement en plastique dur. Toutes les pi\u00e8ces sont approuv\u00e9es par l\u2019UE pour les robinets de cuisine et l\u2019eau potable. Il est facile \u00e0 visser sur le robinet et fonctionne \u00e9galement pour une utilisation quotidienne.<\/p>\n","protected":false},"featured_media":8870,"comment_status":"open","ping_status":"closed","template":"","meta":{"wprm-recipe-roundup-name":"","wprm-recipe-roundup-description":""},"product_brand":[],"product_cat":[1188,1194],"product_tag":[1676,1674,1677,1679,1675,1678],"woo-feed-brand":[590],"class_list":{"0":"post-8869","1":"product","2":"type-product","3":"status-publish","4":"has-post-thumbnail","6":"product_cat-pousses","7":"product_cat-micro-pousses-kit","8":"product_tag-adaptateur","9":"product_tag-aerateur","10":"product_tag-economiseur-deau","11":"product_tag-pivotant","12":"product_tag-robinet","13":"product_tag-robinet-fr","14":"pa_aerator-color-blanc-blanc","15":"pa_aerator-color-chrome-blanc","16":"woo-feed-brand-fresh-sprouts","18":"first","19":"instock","20":"taxable","21":"shipping-taxable","22":"purchasable","23":"product-type-variable","24":"has-default-attributes"},"yoast_head":"<!-- This site is optimized with the Yoast SEO plugin v27.4 - https:\/\/yoast.com\/product\/yoast-seo-wordpress\/ -->\n<title>A\u00e9rateur de robinet \u00e9conomiseur d\u2019eau pour rincer les pousses et les micro-pousses cultiv\u00e9s \u00e0 la maison<\/title>\n<meta name=\"description\" content=\"Avec un a\u00e9rateur de robinet \u00e9conomiseur d\u2019eau en blanc ou en chrome, vous pouvez rincer vos pousses et micro pousses tous les jours avec peu d\u2019eau du robinet.\" \/>\n<meta name=\"robots\" content=\"index, follow, max-snippet:-1, max-image-preview:large, max-video-preview:-1\" \/>\n<link rel=\"canonical\" href=\"https:\/\/freshsprouts.net\/fr\/produit\/economiseur-deau-robinet-aerateur\/\" \/>\n<meta property=\"og:locale\" content=\"fr_FR\" \/>\n<meta property=\"og:type\" content=\"article\" \/>\n<meta property=\"og:title\" content=\"A\u00e9rateur de robinet \u00e9conomiseur d\u2019eau pour rincer les pousses et les micro-pousses cultiv\u00e9s \u00e0 la maison\" \/>\n<meta property=\"og:description\" content=\"Avec un a\u00e9rateur de robinet \u00e9conomiseur d\u2019eau en blanc ou en chrome, vous pouvez rincer vos pousses et micro pousses tous les jours avec peu d\u2019eau du robinet.\" \/>\n<meta property=\"og:url\" content=\"https:\/\/freshsprouts.net\/fr\/produit\/economiseur-deau-robinet-aerateur\/\" \/>\n<meta property=\"og:site_name\" content=\"FRESH SPROUTS\" \/>\n<meta property=\"article:publisher\" content=\"https:\/\/www.facebook.com\/freshsproutsdenmark\/\" \/>\n<meta property=\"article:modified_time\" content=\"2025-11-03T08:18:58+00:00\" \/>\n<meta property=\"og:image\" content=\"https:\/\/freshsprouts.net\/wp-content\/uploads\/2020\/12\/Water-saving-faucet-aerator-white-plast.jpeg\" \/>\n\t<meta property=\"og:image:width\" content=\"982\" \/>\n\t<meta property=\"og:image:height\" content=\"982\" \/>\n\t<meta property=\"og:image:type\" content=\"image\/jpeg\" \/>\n<meta name=\"twitter:card\" content=\"summary_large_image\" \/>\n<meta name=\"twitter:label1\" content=\"Dur\u00e9e de lecture estim\u00e9e\" \/>\n\t<meta name=\"twitter:data1\" content=\"3 minutes\" \/>\n<script type=\"application\/ld+json\" class=\"yoast-schema-graph\">{\"@context\":\"https:\\\/\\\/schema.org\",\"@graph\":[{\"@type\":\"WebPage\",\"@id\":\"https:\\\/\\\/freshsprouts.net\\\/fr\\\/produit\\\/economiseur-deau-robinet-aerateur\\\/\",\"url\":\"https:\\\/\\\/freshsprouts.net\\\/fr\\\/produit\\\/economiseur-deau-robinet-aerateur\\\/\",\"name\":\"A\u00e9rateur de robinet \u00e9conomiseur d\u2019eau pour rincer les pousses et les micro-pousses cultiv\u00e9s \u00e0 la maison\",\"isPartOf\":{\"@id\":\"https:\\\/\\\/freshsprouts.net\\\/fr\\\/#website\"},\"primaryImageOfPage\":{\"@id\":\"https:\\\/\\\/freshsprouts.net\\\/fr\\\/produit\\\/economiseur-deau-robinet-aerateur\\\/#primaryimage\"},\"image\":{\"@id\":\"https:\\\/\\\/freshsprouts.net\\\/fr\\\/produit\\\/economiseur-deau-robinet-aerateur\\\/#primaryimage\"},\"thumbnailUrl\":\"https:\\\/\\\/freshsprouts.net\\\/wp-content\\\/uploads\\\/2020\\\/12\\\/Water-saving-faucet-aerator-white-plast.jpeg\",\"datePublished\":\"2023-09-10T18:00:17+00:00\",\"dateModified\":\"2025-11-03T08:18:58+00:00\",\"description\":\"Avec un a\u00e9rateur de robinet \u00e9conomiseur d\u2019eau en blanc ou en chrome, vous pouvez rincer vos pousses et micro pousses tous les jours avec peu d\u2019eau du robinet.\",\"breadcrumb\":{\"@id\":\"https:\\\/\\\/freshsprouts.net\\\/fr\\\/produit\\\/economiseur-deau-robinet-aerateur\\\/#breadcrumb\"},\"inLanguage\":\"fr-FR\",\"potentialAction\":[{\"@type\":\"ReadAction\",\"target\":[\"https:\\\/\\\/freshsprouts.net\\\/fr\\\/produit\\\/economiseur-deau-robinet-aerateur\\\/\"]}]},{\"@type\":\"ImageObject\",\"inLanguage\":\"fr-FR\",\"@id\":\"https:\\\/\\\/freshsprouts.net\\\/fr\\\/produit\\\/economiseur-deau-robinet-aerateur\\\/#primaryimage\",\"url\":\"https:\\\/\\\/freshsprouts.net\\\/wp-content\\\/uploads\\\/2020\\\/12\\\/Water-saving-faucet-aerator-white-plast.jpeg\",\"contentUrl\":\"https:\\\/\\\/freshsprouts.net\\\/wp-content\\\/uploads\\\/2020\\\/12\\\/Water-saving-faucet-aerator-white-plast.jpeg\",\"width\":982,\"height\":982,\"caption\":\"a\u00e9rateur de robinet \u00e9conomiseur d\u2019eau plast blanc\"},{\"@type\":\"BreadcrumbList\",\"@id\":\"https:\\\/\\\/freshsprouts.net\\\/fr\\\/produit\\\/economiseur-deau-robinet-aerateur\\\/#breadcrumb\",\"itemListElement\":[{\"@type\":\"ListItem\",\"position\":1,\"name\":\"Home\",\"item\":\"https:\\\/\\\/freshsprouts.net\\\/fr\\\/\"},{\"@type\":\"ListItem\",\"position\":2,\"name\":\"BOUTIQUE\",\"item\":\"https:\\\/\\\/freshsprouts.net\\\/fr\\\/boutique\\\/\"},{\"@type\":\"ListItem\",\"position\":3,\"name\":\"A\u00e9rateur de robinet \u00e0 \u00e9conomie d\u2019eau\"}]},{\"@type\":\"WebSite\",\"@id\":\"https:\\\/\\\/freshsprouts.net\\\/fr\\\/#website\",\"url\":\"https:\\\/\\\/freshsprouts.net\\\/fr\\\/\",\"name\":\"FRESH SPROUTS\",\"description\":\"Grow your Health\",\"publisher\":{\"@id\":\"https:\\\/\\\/freshsprouts.net\\\/fr\\\/#organization\"},\"potentialAction\":[{\"@type\":\"SearchAction\",\"target\":{\"@type\":\"EntryPoint\",\"urlTemplate\":\"https:\\\/\\\/freshsprouts.net\\\/fr\\\/?s={search_term_string}\"},\"query-input\":{\"@type\":\"PropertyValueSpecification\",\"valueRequired\":true,\"valueName\":\"search_term_string\"}}],\"inLanguage\":\"fr-FR\"},{\"@type\":\"Organization\",\"@id\":\"https:\\\/\\\/freshsprouts.net\\\/fr\\\/#organization\",\"name\":\"FRESH SPROUTS\",\"url\":\"https:\\\/\\\/freshsprouts.net\\\/fr\\\/\",\"logo\":{\"@type\":\"ImageObject\",\"inLanguage\":\"fr-FR\",\"@id\":\"https:\\\/\\\/freshsprouts.net\\\/fr\\\/#\\\/schema\\\/logo\\\/image\\\/\",\"url\":\"https:\\\/\\\/freshsprouts.net\\\/wp-content\\\/uploads\\\/2017\\\/05\\\/Fresh-Sprouts-logo-gray-web-1.png\",\"contentUrl\":\"https:\\\/\\\/freshsprouts.net\\\/wp-content\\\/uploads\\\/2017\\\/05\\\/Fresh-Sprouts-logo-gray-web-1.png\",\"width\":120,\"height\":69,\"caption\":\"FRESH SPROUTS\"},\"image\":{\"@id\":\"https:\\\/\\\/freshsprouts.net\\\/fr\\\/#\\\/schema\\\/logo\\\/image\\\/\"},\"sameAs\":[\"https:\\\/\\\/www.facebook.com\\\/freshsproutsdenmark\\\/\",\"https:\\\/\\\/www.instagram.com\\\/fresh_sprouts\\\/\",\"https:\\\/\\\/www.pinterest.dk\\\/freshsprouts\\\/\"]}]}<\/script>\n<!-- \/ Yoast SEO plugin. -->","yoast_head_json":{"title":"A\u00e9rateur de robinet \u00e9conomiseur d\u2019eau pour rincer les pousses et les micro-pousses cultiv\u00e9s \u00e0 la maison","description":"Avec un a\u00e9rateur de robinet \u00e9conomiseur d\u2019eau en blanc ou en chrome, vous pouvez rincer vos pousses et micro pousses tous les jours avec peu d\u2019eau du robinet.","robots":{"index":"index","follow":"follow","max-snippet":"max-snippet:-1","max-image-preview":"max-image-preview:large","max-video-preview":"max-video-preview:-1"},"canonical":"https:\/\/freshsprouts.net\/fr\/produit\/economiseur-deau-robinet-aerateur\/","og_locale":"fr_FR","og_type":"article","og_title":"A\u00e9rateur de robinet \u00e9conomiseur d\u2019eau pour rincer les pousses et les micro-pousses cultiv\u00e9s \u00e0 la maison","og_description":"Avec un a\u00e9rateur de robinet \u00e9conomiseur d\u2019eau en blanc ou en chrome, vous pouvez rincer vos pousses et micro pousses tous les jours avec peu d\u2019eau du robinet.","og_url":"https:\/\/freshsprouts.net\/fr\/produit\/economiseur-deau-robinet-aerateur\/","og_site_name":"FRESH SPROUTS","article_publisher":"https:\/\/www.facebook.com\/freshsproutsdenmark\/","article_modified_time":"2025-11-03T08:18:58+00:00","og_image":[{"width":982,"height":982,"url":"https:\/\/freshsprouts.net\/wp-content\/uploads\/2020\/12\/Water-saving-faucet-aerator-white-plast.jpeg","type":"image\/jpeg"}],"twitter_card":"summary_large_image","twitter_misc":{"Dur\u00e9e de lecture estim\u00e9e":"3 minutes"},"schema":{"@context":"https:\/\/schema.org","@graph":[{"@type":"WebPage","@id":"https:\/\/freshsprouts.net\/fr\/produit\/economiseur-deau-robinet-aerateur\/","url":"https:\/\/freshsprouts.net\/fr\/produit\/economiseur-deau-robinet-aerateur\/","name":"A\u00e9rateur de robinet \u00e9conomiseur d\u2019eau pour rincer les pousses et les micro-pousses cultiv\u00e9s \u00e0 la maison","isPartOf":{"@id":"https:\/\/freshsprouts.net\/fr\/#website"},"primaryImageOfPage":{"@id":"https:\/\/freshsprouts.net\/fr\/produit\/economiseur-deau-robinet-aerateur\/#primaryimage"},"image":{"@id":"https:\/\/freshsprouts.net\/fr\/produit\/economiseur-deau-robinet-aerateur\/#primaryimage"},"thumbnailUrl":"https:\/\/freshsprouts.net\/wp-content\/uploads\/2020\/12\/Water-saving-faucet-aerator-white-plast.jpeg","datePublished":"2023-09-10T18:00:17+00:00","dateModified":"2025-11-03T08:18:58+00:00","description":"Avec un a\u00e9rateur de robinet \u00e9conomiseur d\u2019eau en blanc ou en chrome, vous pouvez rincer vos pousses et micro pousses tous les jours avec peu d\u2019eau du robinet.","breadcrumb":{"@id":"https:\/\/freshsprouts.net\/fr\/produit\/economiseur-deau-robinet-aerateur\/#breadcrumb"},"inLanguage":"fr-FR","potentialAction":[{"@type":"ReadAction","target":["https:\/\/freshsprouts.net\/fr\/produit\/economiseur-deau-robinet-aerateur\/"]}]},{"@type":"ImageObject","inLanguage":"fr-FR","@id":"https:\/\/freshsprouts.net\/fr\/produit\/economiseur-deau-robinet-aerateur\/#primaryimage","url":"https:\/\/freshsprouts.net\/wp-content\/uploads\/2020\/12\/Water-saving-faucet-aerator-white-plast.jpeg","contentUrl":"https:\/\/freshsprouts.net\/wp-content\/uploads\/2020\/12\/Water-saving-faucet-aerator-white-plast.jpeg","width":982,"height":982,"caption":"a\u00e9rateur de robinet \u00e9conomiseur d\u2019eau plast blanc"},{"@type":"BreadcrumbList","@id":"https:\/\/freshsprouts.net\/fr\/produit\/economiseur-deau-robinet-aerateur\/#breadcrumb","itemListElement":[{"@type":"ListItem","position":1,"name":"Home","item":"https:\/\/freshsprouts.net\/fr\/"},{"@type":"ListItem","position":2,"name":"BOUTIQUE","item":"https:\/\/freshsprouts.net\/fr\/boutique\/"},{"@type":"ListItem","position":3,"name":"A\u00e9rateur de robinet \u00e0 \u00e9conomie d\u2019eau"}]},{"@type":"WebSite","@id":"https:\/\/freshsprouts.net\/fr\/#website","url":"https:\/\/freshsprouts.net\/fr\/","name":"FRESH SPROUTS","description":"Grow your Health","publisher":{"@id":"https:\/\/freshsprouts.net\/fr\/#organization"},"potentialAction":[{"@type":"SearchAction","target":{"@type":"EntryPoint","urlTemplate":"https:\/\/freshsprouts.net\/fr\/?s={search_term_string}"},"query-input":{"@type":"PropertyValueSpecification","valueRequired":true,"valueName":"search_term_string"}}],"inLanguage":"fr-FR"},{"@type":"Organization","@id":"https:\/\/freshsprouts.net\/fr\/#organization","name":"FRESH SPROUTS","url":"https:\/\/freshsprouts.net\/fr\/","logo":{"@type":"ImageObject","inLanguage":"fr-FR","@id":"https:\/\/freshsprouts.net\/fr\/#\/schema\/logo\/image\/","url":"https:\/\/freshsprouts.net\/wp-content\/uploads\/2017\/05\/Fresh-Sprouts-logo-gray-web-1.png","contentUrl":"https:\/\/freshsprouts.net\/wp-content\/uploads\/2017\/05\/Fresh-Sprouts-logo-gray-web-1.png","width":120,"height":69,"caption":"FRESH SPROUTS"},"image":{"@id":"https:\/\/freshsprouts.net\/fr\/#\/schema\/logo\/image\/"},"sameAs":["https:\/\/www.facebook.com\/freshsproutsdenmark\/","https:\/\/www.instagram.com\/fresh_sprouts\/","https:\/\/www.pinterest.dk\/freshsprouts\/"]}]}},"_links":{"self":[{"href":"https:\/\/freshsprouts.net\/fr\/wp-json\/wp\/v2\/product\/8869","targetHints":{"allow":["GET"]}}],"collection":[{"href":"https:\/\/freshsprouts.net\/fr\/wp-json\/wp\/v2\/product"}],"about":[{"href":"https:\/\/freshsprouts.net\/fr\/wp-json\/wp\/v2\/types\/product"}],"replies":[{"embeddable":true,"href":"https:\/\/freshsprouts.net\/fr\/wp-json\/wp\/v2\/comments?post=8869"}],"wp:featuredmedia":[{"embeddable":true,"href":"https:\/\/freshsprouts.net\/fr\/wp-json\/wp\/v2\/media\/8870"}],"wp:attachment":[{"href":"https:\/\/freshsprouts.net\/fr\/wp-json\/wp\/v2\/media?parent=8869"}],"wp:term":[{"taxonomy":"product_brand","embeddable":true,"href":"https:\/\/freshsprouts.net\/fr\/wp-json\/wp\/v2\/product_brand?post=8869"},{"taxonomy":"product_cat","embeddable":true,"href":"https:\/\/freshsprouts.net\/fr\/wp-json\/wp\/v2\/product_cat?post=8869"},{"taxonomy":"product_tag","embeddable":true,"href":"https:\/\/freshsprouts.net\/fr\/wp-json\/wp\/v2\/product_tag?post=8869"},{"taxonomy":"woo-feed-brand","embeddable":true,"href":"https:\/\/freshsprouts.net\/fr\/wp-json\/wp\/v2\/woo-feed-brand?post=8869"}],"curies":[{"name":"wp","href":"https:\/\/api.w.org\/{rel}","templated":true}]}}